{"id":5266,"date":"2021-07-18T08:03:35","date_gmt":"2021-07-18T08:03:35","guid":{"rendered":"https:\/\/nuss.uxper.co\/luxury-resort\/?page_id=5266"},"modified":"2026-01-07T05:20:55","modified_gmt":"2026-01-07T05:20:55","slug":"chi-siamo","status":"publish","type":"page","link":"https:\/\/rezenestellehotel.com\/it\/chi-siamo\/","title":{"rendered":"Chi siamo"},"content":{"rendered":"<div data-elementor-type=\"wp-page\" data-elementor-id=\"5266\" class=\"elementor elementor-5266\">\n\t\t\t\t\t\t<section class=\"elementor-section elementor-top-section elementor-element elementor-element-10416953 elementor-section-boxed elementor-section-gap-beside-yes elementor-section-height-default elementor-section-height-default elementor-section-column-vertical-align-stretch\" data-id=\"10416953\" data-element_type=\"section\" data-e-type=\"section\">\n\t\t\t\t\t\t<div class=\"elementor-container elementor-column-gap-extended\">\n\t\t\t\t\t<div class=\"elementor-column elementor-col-100 elementor-top-column elementor-element elementor-element-29c6aa8\" data-id=\"29c6aa8\" data-element_type=\"column\" data-e-type=\"column\">\n\t\t\t<div class=\"elementor-widget-wrap elementor-element-populated\">\n\t\t\t\t\t\t<div class=\"elementor-element elementor-element-7be18fe7 elementor-widget__width-initial elementor-invisible elementor-widget elementor-widget-text-editor\" data-id=\"7be18fe7\" data-element_type=\"widget\" data-e-type=\"widget\" data-settings=\"{&quot;_animation&quot;:&quot;nussFadeInUp&quot;}\" data-widget_type=\"text-editor.default\">\n\t\t\t\t\t\t\t\t\t<div class=\"svelte-1c06zsf\" data-lang-code=\"\"><p class=\"qwen-markdown-paragraph\" data-spm-anchor-id=\"a2ty_o01.29997173.0.i33.55ae5171dNQdaM\"><strong class=\"qwen-markdown-strong\"><span class=\"qwen-markdown-text\">Shanghai Rezen Estelle Hotel (Nanjing Road Walkway Bund Branch): la tua base elegante e raffinata nel cuore del quartiere pi\u00f9 iconico di Shanghai<\/span><\/strong><\/p><\/div>\t\t\t\t\t\t\t\t<\/div>\n\t\t\t\t\t<\/div>\n\t\t<\/div>\n\t\t\t\t\t<\/div>\n\t\t<\/section>\n\t\t\t\t<section class=\"elementor-section elementor-top-section elementor-element elementor-element-7d18327f elementor-section-boxed elementor-section-gap-beside-yes elementor-section-height-default elementor-section-height-default elementor-section-column-vertical-align-stretch\" data-id=\"7d18327f\" data-element_type=\"section\" data-e-type=\"section\">\n\t\t\t\t\t\t<div class=\"elementor-container elementor-column-gap-extended\">\n\t\t\t\t\t<div class=\"elementor-column elementor-col-50 elementor-top-column elementor-element elementor-element-56533670\" data-id=\"56533670\" data-element_type=\"column\" data-e-type=\"column\">\n\t\t\t<div class=\"elementor-widget-wrap elementor-element-populated\">\n\t\t\t\t\t\t<div class=\"elementor-element elementor-element-19c3f543 elementor-drop-cap-yes elementor-drop-cap-view-default elementor-invisible elementor-widget elementor-widget-text-editor\" data-id=\"19c3f543\" data-element_type=\"widget\" data-e-type=\"widget\" data-settings=\"{&quot;_animation&quot;:&quot;nussFadeInUp&quot;,&quot;drop_cap&quot;:&quot;yes&quot;}\" data-widget_type=\"text-editor.default\">\n\t\t\t\t\t\t\t\t\t<p class=\"qwen-markdown-paragraph\" data-spm-anchor-id=\"a2ty_o01.29997173.0.i34.55ae5171dNQdaM\"><span class=\"qwen-markdown-text\" data-spm-anchor-id=\"a2ty_o01.29997173.0.i35.55ae5171dNQdaM\">Scopri la perfetta fusione di praticit\u00e0, comfort e design contemporaneo presso <\/span><strong class=\"qwen-markdown-strong\"><span class=\"qwen-markdown-text\">Shanghai Rezen Estelle Hotel (filiale di Nanjing Road Walkway Bund)<\/span><\/strong><span class=\"qwen-markdown-text\"> \u2014 un moderno gioiello boutique a 3 stelle situato al 7\u00b0 piano di Yuehui Plaza, a pochi passi dall&#039;energia elettrica della via pedonale Nanjing Road e dal fascino storico del Bund. Situato a <\/span><strong class=\"qwen-markdown-strong\"><span class=\"qwen-markdown-text\">N. 337 Shandong Middle Road, distretto di Huangpu<\/span><\/strong><span class=\"qwen-markdown-text\">, Questa struttura inaugurata nel 2025 \u00e8 pensata su misura per i viaggiatori esperti che desiderano raggiungere facilmente le principali attrazioni, negozi, ristoranti e mezzi pubblici di Shanghai, senza rinunciare allo stile o al servizio.<\/span><\/p>\t\t\t\t\t\t\t\t<\/div>\n\t\t\t\t\t<\/div>\n\t\t<\/div>\n\t\t\t\t<div class=\"elementor-column elementor-col-50 elementor-top-column elementor-element elementor-element-30f14127\" data-id=\"30f14127\" data-element_type=\"column\" data-e-type=\"column\">\n\t\t\t<div class=\"elementor-widget-wrap elementor-element-populated\">\n\t\t\t\t\t\t<div class=\"elementor-element elementor-element-59aea08 elementor-widget elementor-widget-image\" data-id=\"59aea08\" data-element_type=\"widget\" data-e-type=\"widget\" data-widget_type=\"image.default\">\n\t\t\t\t\t\t\t\t\t\t\t\t\t\t\t<img fetchpriority=\"high\" decoding=\"async\" width=\"1024\" height=\"682\" src=\"https:\/\/rezenestellehotel.com\/wp-content\/uploads\/2026\/01\/Rezen-Estelle-Hotel-80-1024x682.webp\" class=\"attachment-large size-large wp-image-7513\" alt=\"\" srcset=\"https:\/\/rezenestellehotel.com\/wp-content\/uploads\/2026\/01\/Rezen-Estelle-Hotel-80-1024x682.webp 1024w, https:\/\/rezenestellehotel.com\/wp-content\/uploads\/2026\/01\/Rezen-Estelle-Hotel-80-300x200.webp 300w, https:\/\/rezenestellehotel.com\/wp-content\/uploads\/2026\/01\/Rezen-Estelle-Hotel-80-768x512.webp 768w, https:\/\/rezenestellehotel.com\/wp-content\/uploads\/2026\/01\/Rezen-Estelle-Hotel-80-18x12.webp 18w, https:\/\/rezenestellehotel.com\/wp-content\/uploads\/2026\/01\/Rezen-Estelle-Hotel-80.webp 1280w\" sizes=\"(max-width: 1024px) 100vw, 1024px\" \/>\t\t\t\t\t\t\t\t\t\t\t\t\t\t\t<\/div>\n\t\t\t\t\t<\/div>\n\t\t<\/div>\n\t\t\t\t\t<\/div>\n\t\t<\/section>\n\t\t\t\t<section class=\"elementor-section elementor-top-section elementor-element elementor-element-29fb8578 elementor-section-height-min-height elementor-section-stretched elementor-section-full_width elementor-section-items-stretch elementor-section-height-default elementor-section-column-vertical-align-stretch\" data-id=\"29fb8578\" data-element_type=\"section\" data-e-type=\"section\" data-settings=\"{&quot;stretch_section&quot;:&quot;section-stretched&quot;}\">\n\t\t\t\t\t\t<div class=\"elementor-container elementor-column-gap-no\">\n\t\t\t\t\t<div class=\"elementor-column elementor-col-50 elementor-top-column elementor-element elementor-element-40ac270b\" data-id=\"40ac270b\" data-element_type=\"column\" data-e-type=\"column\">\n\t\t\t<div class=\"elementor-widget-wrap elementor-element-populated\">\n\t\t\t\t\t\t<div class=\"elementor-element elementor-element-20872773 elementor-widget__width-initial elementor-widget-mobile__width-inherit elementor-invisible nuss-elementor-loading nuss-slide-in-right elementor-widget elementor-widget-image\" data-id=\"20872773\" data-element_type=\"widget\" data-e-type=\"widget\" data-settings=\"{&quot;_animation&quot;:&quot;nussSlideInRight&quot;}\" data-widget_type=\"image.default\">\n\t\t\t\t\t\t\t\t\t\t\t\t\t\t\t<img decoding=\"async\" width=\"1280\" height=\"853\" src=\"https:\/\/rezenestellehotel.com\/wp-content\/uploads\/2026\/01\/Rezen-Estelle-Hotel-79.webp\" class=\"attachment-full size-full wp-image-7512\" alt=\"\" srcset=\"https:\/\/rezenestellehotel.com\/wp-content\/uploads\/2026\/01\/Rezen-Estelle-Hotel-79.webp 1280w, https:\/\/rezenestellehotel.com\/wp-content\/uploads\/2026\/01\/Rezen-Estelle-Hotel-79-300x200.webp 300w, https:\/\/rezenestellehotel.com\/wp-content\/uploads\/2026\/01\/Rezen-Estelle-Hotel-79-1024x682.webp 1024w, https:\/\/rezenestellehotel.com\/wp-content\/uploads\/2026\/01\/Rezen-Estelle-Hotel-79-768x512.webp 768w, https:\/\/rezenestellehotel.com\/wp-content\/uploads\/2026\/01\/Rezen-Estelle-Hotel-79-18x12.webp 18w\" sizes=\"(max-width: 1280px) 100vw, 1280px\" \/>\t\t\t\t\t\t\t\t\t\t\t\t\t\t\t<\/div>\n\t\t\t\t\t<\/div>\n\t\t<\/div>\n\t\t\t\t<div class=\"elementor-column elementor-col-50 elementor-top-column elementor-element elementor-element-2dac103\" data-id=\"2dac103\" data-element_type=\"column\" data-e-type=\"column\">\n\t\t\t<div class=\"elementor-widget-wrap elementor-element-populated\">\n\t\t\t\t\t\t<div class=\"elementor-element elementor-element-6f1b8966 elementor-invisible elementor-widget elementor-widget-text-editor\" data-id=\"6f1b8966\" data-element_type=\"widget\" data-e-type=\"widget\" data-settings=\"{&quot;_animation&quot;:&quot;nussFadeInUp&quot;}\" data-widget_type=\"text-editor.default\">\n\t\t\t\t\t\t\t\t\t<p class=\"qwen-markdown-paragraph\" data-spm-anchor-id=\"a2ty_o01.29997173.0.i37.55ae5171dNQdaM\"><span class=\"qwen-markdown-text\" data-spm-anchor-id=\"a2ty_o01.29997173.0.i36.55ae5171dNQdaM\">Che siate qui per lavoro, per piacere o per un mix di entrambi, Rezen Estelle offre uno stile di vita urbano intelligente con servizi pensati per voi: Wi-Fi gratuito ad alta velocit\u00e0, servizio di pulizia giornaliero, mini-frigo, sistemi di ventilazione intelligenti e persino servizio di maggiordomo in camere selezionate. Scegliete tra spazi accoglienti e ben arredati come <\/span><strong class=\"qwen-markdown-strong\"><span class=\"qwen-markdown-text\">Tranquilla camera doppia<\/span><\/strong><span class=\"qwen-markdown-text\">, gli esperti di tecnologia <\/span><strong class=\"qwen-markdown-strong\"><span class=\"qwen-markdown-text\">Camera matrimoniale con audiovisivo Tatami<\/span><\/strong><span class=\"qwen-markdown-text\"> (perfetto per gli amanti del cinema), o quello con vista sullo skyline <\/span><strong class=\"qwen-markdown-strong\"><span class=\"qwen-markdown-text\">Camera Queen con vista<\/span><\/strong><span class=\"qwen-markdown-text\"> \u2014 tutti progettati per offrire pace nel cuore pulsante della citt\u00e0.<\/span><\/p><div class=\"qwen-markdown-space\">\u00a0<\/div><p class=\"qwen-markdown-paragraph\" data-spm-anchor-id=\"a2ty_o01.29997173.0.i38.55ae5171dNQdaM\"><span class=\"qwen-markdown-text\">Mangiare \u00e8 una delizia presso il ristorante interno <\/span><strong class=\"qwen-markdown-strong\"><span class=\"qwen-markdown-text\">\u4e3d\u5448\u7480\u9645\u9910\u5385 (Ristorante Rezen Estelle)<\/span><\/strong><span class=\"qwen-markdown-text\">, che serve autentiche colazioni a buffet cinesi tutti i giorni dalle 7:00 alle 9:30 (58 CNY\/adulto, bambini sotto 1,2 metri gratis). Sebbene di dimensioni ridotte, il ristorante offre pasti abbondanti e freschi, ideali prima di uscire o dopo una lunga giornata trascorsa a esplorare Piazza del Popolo, il Giardino Yu o il Museo di Shanghai.<\/span><\/p>\t\t\t\t\t\t\t\t<\/div>\n\t\t\t\t\t<\/div>\n\t\t<\/div>\n\t\t\t\t\t<\/div>\n\t\t<\/section>\n\t\t\t\t<section class=\"elementor-section elementor-top-section elementor-element elementor-element-45a2845 elementor-section-height-min-height elementor-section-stretched elementor-section-full_width elementor-section-items-stretch elementor-section-height-default elementor-section-column-vertical-align-stretch\" data-id=\"45a2845\" data-element_type=\"section\" data-e-type=\"section\" data-settings=\"{&quot;stretch_section&quot;:&quot;section-stretched&quot;}\">\n\t\t\t\t\t\t<div class=\"elementor-container elementor-column-gap-no\">\n\t\t\t\t\t<div class=\"elementor-column elementor-col-50 elementor-top-column elementor-element elementor-element-1a455e4\" data-id=\"1a455e4\" data-element_type=\"column\" data-e-type=\"column\">\n\t\t\t<div class=\"elementor-widget-wrap elementor-element-populated\">\n\t\t\t\t\t\t<div class=\"elementor-element elementor-element-cd64517 elementor-invisible elementor-widget elementor-widget-text-editor\" data-id=\"cd64517\" data-element_type=\"widget\" data-e-type=\"widget\" data-settings=\"{&quot;_animation&quot;:&quot;nussFadeInUp&quot;}\" data-widget_type=\"text-editor.default\">\n\t\t\t\t\t\t\t\t\t<p class=\"qwen-markdown-paragraph\"><span class=\"qwen-markdown-text\" data-spm-anchor-id=\"a2ty_o01.29997173.0.i40.55ae5171dNQdaM\">La posizione \u00e8 tutto e Rezen Estelle la centra perfettamente. Semplicemente <\/span><strong class=\"qwen-markdown-strong\"><span class=\"qwen-markdown-text\">A 30 metri dall&#039;uscita 3 della stazione della metropolitana di East Nanjing Road<\/span><\/strong><span class=\"qwen-markdown-text\"> (Linee 2 e 10) vi collegano all&#039;aeroporto di Shanghai Hongqiao (15,2 km), all&#039;aeroporto di Pudong (40 km), alla stazione ferroviaria di Shanghai (5,3 km) e ai principali centri turistici come il Bund, Lujiazui e Xintiandi. Non avete a disposizione la navetta aeroportuale? Nessun problema: la metropolitana vi permette di spostarvi senza problemi.<\/span><\/p><div class=\"qwen-markdown-space\">\u00a0<\/div><p class=\"qwen-markdown-paragraph\"><span class=\"qwen-markdown-text\">Gli ospiti elogiano costantemente la pulizia dell&#039;hotel, la cordialit\u00e0 del personale e la posizione centrale, anche se \u00e8 bene tenere presente che gli ascensori sono condivisi con i visitatori del centro commerciale, quindi \u00e8 consigliabile viaggiare leggeri se possibile. Sebbene non ci siano piscina o riscaldamento (un aspetto da considerare per i soggiorni invernali), la proposta di valore rimane solida: camere pulite, silenziose e incredibilmente comode a partire da 139 USD a notte.<\/span><\/p><div class=\"qwen-markdown-space\">\u00a0<\/div><p class=\"qwen-markdown-paragraph\" data-spm-anchor-id=\"a2ty_o01.29997173.0.i41.55ae5171dNQdaM\"><span class=\"qwen-markdown-text\">Ideale per viaggiatori singoli, coppie, famiglie e viaggiatori d&#039;affari, lo Shanghai Rezen Estelle Hotel non \u00e8 solo un posto dove dormire: \u00e8 il punto di partenza per scoprire l&#039;affascinante mix di tradizione e innovazione di Shanghai. Prenota subito e lascia che il ritmo della citt\u00e0 diventi il tuo.<\/span><\/p>\t\t\t\t\t\t\t\t<\/div>\n\t\t\t\t\t<\/div>\n\t\t<\/div>\n\t\t\t\t<div class=\"elementor-column elementor-col-50 elementor-top-column elementor-element elementor-element-25cd2a7\" data-id=\"25cd2a7\" data-element_type=\"column\" data-e-type=\"column\">\n\t\t\t<div class=\"elementor-widget-wrap elementor-element-populated\">\n\t\t\t\t\t\t<div class=\"elementor-element elementor-element-02f83d7 elementor-widget__width-initial elementor-widget-mobile__width-inherit elementor-invisible nuss-elementor-loading nuss-slide-in-right elementor-widget elementor-widget-image\" data-id=\"02f83d7\" data-element_type=\"widget\" data-e-type=\"widget\" data-settings=\"{&quot;_animation&quot;:&quot;nussSlideInRight&quot;}\" data-widget_type=\"image.default\">\n\t\t\t\t\t\t\t\t\t\t\t\t\t\t\t<img decoding=\"async\" width=\"1280\" height=\"853\" src=\"https:\/\/rezenestellehotel.com\/wp-content\/uploads\/2026\/01\/Rezen-Estelle-Hotel-73.webp\" class=\"attachment-full size-full wp-image-7506\" alt=\"\" srcset=\"https:\/\/rezenestellehotel.com\/wp-content\/uploads\/2026\/01\/Rezen-Estelle-Hotel-73.webp 1280w, https:\/\/rezenestellehotel.com\/wp-content\/uploads\/2026\/01\/Rezen-Estelle-Hotel-73-300x200.webp 300w, https:\/\/rezenestellehotel.com\/wp-content\/uploads\/2026\/01\/Rezen-Estelle-Hotel-73-1024x682.webp 1024w, https:\/\/rezenestellehotel.com\/wp-content\/uploads\/2026\/01\/Rezen-Estelle-Hotel-73-768x512.webp 768w, https:\/\/rezenestellehotel.com\/wp-content\/uploads\/2026\/01\/Rezen-Estelle-Hotel-73-18x12.webp 18w\" sizes=\"(max-width: 1280px) 100vw, 1280px\" \/>\t\t\t\t\t\t\t\t\t\t\t\t\t\t\t<\/div>\n\t\t\t\t\t<\/div>\n\t\t<\/div>\n\t\t\t\t\t<\/div>\n\t\t<\/section>\n\t\t\t\t<\/div>","protected":false},"excerpt":{"rendered":"<p>Shanghai Rezen Estelle Hotel (Nanjing Road Walkway Bund Branch) \u2013 Your Smart, Stylish Base in the Heart of Shanghai\u2019s Most Iconic District Discover the perfect fusion of convenience, comfort, and contemporary design at Shanghai Rezen Estelle Hotel (Nanjing Road Walkway Bund Branch) \u2014 a modern 3-star boutique gem perched on the 7th floor of Yuehui [&hellip;]<\/p>\n","protected":false},"author":1,"featured_media":0,"parent":0,"menu_order":0,"comment_status":"closed","ping_status":"closed","template":"","meta":{"footnotes":""},"class_list":["post-5266","page","type-page","status-publish","hentry","post-no-thumbnail"],"_links":{"self":[{"href":"https:\/\/rezenestellehotel.com\/it\/wp-json\/wp\/v2\/pages\/5266","targetHints":{"allow":["GET"]}}],"collection":[{"href":"https:\/\/rezenestellehotel.com\/it\/wp-json\/wp\/v2\/pages"}],"about":[{"href":"https:\/\/rezenestellehotel.com\/it\/wp-json\/wp\/v2\/types\/page"}],"author":[{"embeddable":true,"href":"https:\/\/rezenestellehotel.com\/it\/wp-json\/wp\/v2\/users\/1"}],"replies":[{"embeddable":true,"href":"https:\/\/rezenestellehotel.com\/it\/wp-json\/wp\/v2\/comments?post=5266"}],"version-history":[{"count":0,"href":"https:\/\/rezenestellehotel.com\/it\/wp-json\/wp\/v2\/pages\/5266\/revisions"}],"wp:attachment":[{"href":"https:\/\/rezenestellehotel.com\/it\/wp-json\/wp\/v2\/media?parent=5266"}],"curies":[{"name":"wp","href":"https:\/\/api.w.org\/{rel}","templated":true}]}}