{"id":5266,"date":"2021-07-18T08:03:35","date_gmt":"2021-07-18T08:03:35","guid":{"rendered":"https:\/\/nuss.uxper.co\/luxury-resort\/?page_id=5266"},"modified":"2026-01-07T05:20:55","modified_gmt":"2026-01-07T05:20:55","slug":"a-propos-de-nous","status":"publish","type":"page","link":"https:\/\/rezenestellehotel.com\/fr\/a-propos-de-nous\/","title":{"rendered":"\u00c0 propos de nous"},"content":{"rendered":"<div data-elementor-type=\"wp-page\" data-elementor-id=\"5266\" class=\"elementor elementor-5266\">\n\t\t\t\t\t\t<section class=\"elementor-section elementor-top-section elementor-element elementor-element-10416953 elementor-section-boxed elementor-section-gap-beside-yes elementor-section-height-default elementor-section-height-default elementor-section-column-vertical-align-stretch\" data-id=\"10416953\" data-element_type=\"section\" data-e-type=\"section\">\n\t\t\t\t\t\t<div class=\"elementor-container elementor-column-gap-extended\">\n\t\t\t\t\t<div class=\"elementor-column elementor-col-100 elementor-top-column elementor-element elementor-element-29c6aa8\" data-id=\"29c6aa8\" data-element_type=\"column\" data-e-type=\"column\">\n\t\t\t<div class=\"elementor-widget-wrap elementor-element-populated\">\n\t\t\t\t\t\t<div class=\"elementor-element elementor-element-7be18fe7 elementor-widget__width-initial elementor-invisible elementor-widget elementor-widget-text-editor\" data-id=\"7be18fe7\" data-element_type=\"widget\" data-e-type=\"widget\" data-settings=\"{&quot;_animation&quot;:&quot;nussFadeInUp&quot;}\" data-widget_type=\"text-editor.default\">\n\t\t\t\t\t\t\t\t\t<div class=\"svelte-1c06zsf\" data-lang-code=\"\"><p class=\"qwen-markdown-paragraph\" data-spm-anchor-id=\"a2ty_o01.29997173.0.i33.55ae5171dNQdaM\"><strong class=\"qwen-markdown-strong\"><span class=\"qwen-markdown-text\">H\u00f4tel Shanghai Rezen Estelle (succursale Nanjing Road Walkway Bund) \u2013 Votre pied-\u00e0-terre \u00e9l\u00e9gant et moderne au c\u0153ur du quartier le plus embl\u00e9matique de Shanghai<\/span><\/strong><\/p><\/div>\t\t\t\t\t\t\t\t<\/div>\n\t\t\t\t\t<\/div>\n\t\t<\/div>\n\t\t\t\t\t<\/div>\n\t\t<\/section>\n\t\t\t\t<section class=\"elementor-section elementor-top-section elementor-element elementor-element-7d18327f elementor-section-boxed elementor-section-gap-beside-yes elementor-section-height-default elementor-section-height-default elementor-section-column-vertical-align-stretch\" data-id=\"7d18327f\" data-element_type=\"section\" data-e-type=\"section\">\n\t\t\t\t\t\t<div class=\"elementor-container elementor-column-gap-extended\">\n\t\t\t\t\t<div class=\"elementor-column elementor-col-50 elementor-top-column elementor-element elementor-element-56533670\" data-id=\"56533670\" data-element_type=\"column\" data-e-type=\"column\">\n\t\t\t<div class=\"elementor-widget-wrap elementor-element-populated\">\n\t\t\t\t\t\t<div class=\"elementor-element elementor-element-19c3f543 elementor-drop-cap-yes elementor-drop-cap-view-default elementor-invisible elementor-widget elementor-widget-text-editor\" data-id=\"19c3f543\" data-element_type=\"widget\" data-e-type=\"widget\" data-settings=\"{&quot;_animation&quot;:&quot;nussFadeInUp&quot;,&quot;drop_cap&quot;:&quot;yes&quot;}\" data-widget_type=\"text-editor.default\">\n\t\t\t\t\t\t\t\t\t<p class=\"qwen-markdown-paragraph\" data-spm-anchor-id=\"a2ty_o01.29997173.0.i34.55ae5171dNQdaM\"><span class=\"qwen-markdown-text\" data-spm-anchor-id=\"a2ty_o01.29997173.0.i35.55ae5171dNQdaM\">D\u00e9couvrez la fusion parfaite entre commodit\u00e9, confort et design contemporain chez <\/span><strong class=\"qwen-markdown-strong\"><span class=\"qwen-markdown-text\">H\u00f4tel Shanghai Rezen Estelle (succursale du Bund, promenade de Nanjing)<\/span><\/strong><span class=\"qwen-markdown-text\"> \u2014 un h\u00f4tel boutique 3 \u00e9toiles moderne et raffin\u00e9, nich\u00e9 au 7e \u00e9tage du Yuehui Plaza, \u00e0 deux pas de l&#039;effervescence de la rue pi\u00e9tonne de Nankin et du charme historique du Bund. Situ\u00e9 \u00e0 <\/span><strong class=\"qwen-markdown-strong\"><span class=\"qwen-markdown-text\">N\u00b0 337, route du milieu du Shandong, district de Huangpu<\/span><\/strong><span class=\"qwen-markdown-text\">, Ce nouvel \u00e9tablissement, ouvert en 2025, est con\u00e7u sur mesure pour les voyageurs avertis qui recherchent un acc\u00e8s facile aux principales attractions, boutiques, restaurants et transports de Shanghai, sans sacrifier le style ni le service.<\/span><\/p>\t\t\t\t\t\t\t\t<\/div>\n\t\t\t\t\t<\/div>\n\t\t<\/div>\n\t\t\t\t<div class=\"elementor-column elementor-col-50 elementor-top-column elementor-element elementor-element-30f14127\" data-id=\"30f14127\" data-element_type=\"column\" data-e-type=\"column\">\n\t\t\t<div class=\"elementor-widget-wrap elementor-element-populated\">\n\t\t\t\t\t\t<div class=\"elementor-element elementor-element-59aea08 elementor-widget elementor-widget-image\" data-id=\"59aea08\" data-element_type=\"widget\" data-e-type=\"widget\" data-widget_type=\"image.default\">\n\t\t\t\t\t\t\t\t\t\t\t\t\t\t\t<img fetchpriority=\"high\" decoding=\"async\" width=\"1024\" height=\"682\" src=\"https:\/\/rezenestellehotel.com\/wp-content\/uploads\/2026\/01\/Rezen-Estelle-Hotel-80-1024x682.webp\" class=\"attachment-large size-large wp-image-7513\" alt=\"\" srcset=\"https:\/\/rezenestellehotel.com\/wp-content\/uploads\/2026\/01\/Rezen-Estelle-Hotel-80-1024x682.webp 1024w, https:\/\/rezenestellehotel.com\/wp-content\/uploads\/2026\/01\/Rezen-Estelle-Hotel-80-300x200.webp 300w, https:\/\/rezenestellehotel.com\/wp-content\/uploads\/2026\/01\/Rezen-Estelle-Hotel-80-768x512.webp 768w, https:\/\/rezenestellehotel.com\/wp-content\/uploads\/2026\/01\/Rezen-Estelle-Hotel-80-18x12.webp 18w, https:\/\/rezenestellehotel.com\/wp-content\/uploads\/2026\/01\/Rezen-Estelle-Hotel-80.webp 1280w\" sizes=\"(max-width: 1024px) 100vw, 1024px\" \/>\t\t\t\t\t\t\t\t\t\t\t\t\t\t\t<\/div>\n\t\t\t\t\t<\/div>\n\t\t<\/div>\n\t\t\t\t\t<\/div>\n\t\t<\/section>\n\t\t\t\t<section class=\"elementor-section elementor-top-section elementor-element elementor-element-29fb8578 elementor-section-height-min-height elementor-section-stretched elementor-section-full_width elementor-section-items-stretch elementor-section-height-default elementor-section-column-vertical-align-stretch\" data-id=\"29fb8578\" data-element_type=\"section\" data-e-type=\"section\" data-settings=\"{&quot;stretch_section&quot;:&quot;section-stretched&quot;}\">\n\t\t\t\t\t\t<div class=\"elementor-container elementor-column-gap-no\">\n\t\t\t\t\t<div class=\"elementor-column elementor-col-50 elementor-top-column elementor-element elementor-element-40ac270b\" data-id=\"40ac270b\" data-element_type=\"column\" data-e-type=\"column\">\n\t\t\t<div class=\"elementor-widget-wrap elementor-element-populated\">\n\t\t\t\t\t\t<div class=\"elementor-element elementor-element-20872773 elementor-widget__width-initial elementor-widget-mobile__width-inherit elementor-invisible nuss-elementor-loading nuss-slide-in-right elementor-widget elementor-widget-image\" data-id=\"20872773\" data-element_type=\"widget\" data-e-type=\"widget\" data-settings=\"{&quot;_animation&quot;:&quot;nussSlideInRight&quot;}\" data-widget_type=\"image.default\">\n\t\t\t\t\t\t\t\t\t\t\t\t\t\t\t<img decoding=\"async\" width=\"1280\" height=\"853\" src=\"https:\/\/rezenestellehotel.com\/wp-content\/uploads\/2026\/01\/Rezen-Estelle-Hotel-79.webp\" class=\"attachment-full size-full wp-image-7512\" alt=\"\" srcset=\"https:\/\/rezenestellehotel.com\/wp-content\/uploads\/2026\/01\/Rezen-Estelle-Hotel-79.webp 1280w, https:\/\/rezenestellehotel.com\/wp-content\/uploads\/2026\/01\/Rezen-Estelle-Hotel-79-300x200.webp 300w, https:\/\/rezenestellehotel.com\/wp-content\/uploads\/2026\/01\/Rezen-Estelle-Hotel-79-1024x682.webp 1024w, https:\/\/rezenestellehotel.com\/wp-content\/uploads\/2026\/01\/Rezen-Estelle-Hotel-79-768x512.webp 768w, https:\/\/rezenestellehotel.com\/wp-content\/uploads\/2026\/01\/Rezen-Estelle-Hotel-79-18x12.webp 18w\" sizes=\"(max-width: 1280px) 100vw, 1280px\" \/>\t\t\t\t\t\t\t\t\t\t\t\t\t\t\t<\/div>\n\t\t\t\t\t<\/div>\n\t\t<\/div>\n\t\t\t\t<div class=\"elementor-column elementor-col-50 elementor-top-column elementor-element elementor-element-2dac103\" data-id=\"2dac103\" data-element_type=\"column\" data-e-type=\"column\">\n\t\t\t<div class=\"elementor-widget-wrap elementor-element-populated\">\n\t\t\t\t\t\t<div class=\"elementor-element elementor-element-6f1b8966 elementor-invisible elementor-widget elementor-widget-text-editor\" data-id=\"6f1b8966\" data-element_type=\"widget\" data-e-type=\"widget\" data-settings=\"{&quot;_animation&quot;:&quot;nussFadeInUp&quot;}\" data-widget_type=\"text-editor.default\">\n\t\t\t\t\t\t\t\t\t<p class=\"qwen-markdown-paragraph\" data-spm-anchor-id=\"a2ty_o01.29997173.0.i37.55ae5171dNQdaM\"><span class=\"qwen-markdown-text\" data-spm-anchor-id=\"a2ty_o01.29997173.0.i36.55ae5171dNQdaM\">Que vous soyez en voyage d&#039;affaires, d&#039;agr\u00e9ment ou les deux, le Rezen Estelle vous propose un confort urbain moderne et des prestations haut de gamme\u00a0: Wi-Fi haut d\u00e9bit gratuit, m\u00e9nage quotidien, mini-r\u00e9frig\u00e9rateur, syst\u00e8me de ventilation intelligent et m\u00eame service de majordome dans certaines chambres. Choisissez parmi des espaces chaleureux et bien am\u00e9nag\u00e9s, comme\u2026 <\/span><strong class=\"qwen-markdown-strong\"><span class=\"qwen-markdown-text\">Chambre double tranquille<\/span><\/strong><span class=\"qwen-markdown-text\">, les f\u00e9rus de technologie <\/span><strong class=\"qwen-markdown-strong\"><span class=\"qwen-markdown-text\">Chambre double avec syst\u00e8me audio-visuel Tatami<\/span><\/strong><span class=\"qwen-markdown-text\"> (id\u00e9al pour les cin\u00e9philes), ou avec vue sur l&#039;horizon <\/span><strong class=\"qwen-markdown-strong\"><span class=\"qwen-markdown-text\">Chambre Queen avec vue<\/span><\/strong><span class=\"qwen-markdown-text\"> \u2014 le tout con\u00e7u pour offrir la paix au c\u0153ur de l&#039;effervescence urbaine.<\/span><\/p><div class=\"qwen-markdown-space\">\u00a0<\/div><p class=\"qwen-markdown-paragraph\" data-spm-anchor-id=\"a2ty_o01.29997173.0.i38.55ae5171dNQdaM\"><span class=\"qwen-markdown-text\">Les repas sont un vrai plaisir au restaurant sur place. <\/span><strong class=\"qwen-markdown-strong\"><span class=\"qwen-markdown-text\">\u4e3d\u5448\u7480\u9645\u9910\u5385 (Restaurant Rezen Estelle)<\/span><\/strong><span class=\"qwen-markdown-text\">, Ce restaurant sert un authentique petit-d\u00e9jeuner buffet chinois tous les jours de 7h00 \u00e0 9h30 (58 CNY par adulte, gratuit pour les enfants de moins de 1,20 m). Bien que de taille modeste, il propose des repas copieux et frais, parfaits avant de partir explorer les rues ou apr\u00e8s une longue journ\u00e9e pass\u00e9e \u00e0 visiter la place du Peuple, le jardin Yu ou le mus\u00e9e de Shanghai.<\/span><\/p>\t\t\t\t\t\t\t\t<\/div>\n\t\t\t\t\t<\/div>\n\t\t<\/div>\n\t\t\t\t\t<\/div>\n\t\t<\/section>\n\t\t\t\t<section class=\"elementor-section elementor-top-section elementor-element elementor-element-45a2845 elementor-section-height-min-height elementor-section-stretched elementor-section-full_width elementor-section-items-stretch elementor-section-height-default elementor-section-column-vertical-align-stretch\" data-id=\"45a2845\" data-element_type=\"section\" data-e-type=\"section\" data-settings=\"{&quot;stretch_section&quot;:&quot;section-stretched&quot;}\">\n\t\t\t\t\t\t<div class=\"elementor-container elementor-column-gap-no\">\n\t\t\t\t\t<div class=\"elementor-column elementor-col-50 elementor-top-column elementor-element elementor-element-1a455e4\" data-id=\"1a455e4\" data-element_type=\"column\" data-e-type=\"column\">\n\t\t\t<div class=\"elementor-widget-wrap elementor-element-populated\">\n\t\t\t\t\t\t<div class=\"elementor-element elementor-element-cd64517 elementor-invisible elementor-widget elementor-widget-text-editor\" data-id=\"cd64517\" data-element_type=\"widget\" data-e-type=\"widget\" data-settings=\"{&quot;_animation&quot;:&quot;nussFadeInUp&quot;}\" data-widget_type=\"text-editor.default\">\n\t\t\t\t\t\t\t\t\t<p class=\"qwen-markdown-paragraph\"><span class=\"qwen-markdown-text\" data-spm-anchor-id=\"a2ty_o01.29997173.0.i40.55ae5171dNQdaM\">L&#039;emplacement est primordial \u2014 et Rezen Estelle l&#039;a parfaitement compris. <\/span><strong class=\"qwen-markdown-strong\"><span class=\"qwen-markdown-text\">\u00c0 30 m\u00e8tres de la sortie 3 de la station de m\u00e9tro East Nanjing Road<\/span><\/strong><span class=\"qwen-markdown-text\"> (Lignes 2 et 10)\u00a0: vous \u00eates connect\u00e9 \u00e0 l\u2019a\u00e9roport de Shanghai Hongqiao (15,2\u00a0km), \u00e0 l\u2019a\u00e9roport de Pudong (40\u00a0km), \u00e0 la gare de Shanghai (5,3\u00a0km) et aux principaux sites touristiques comme le Bund, Lujiazui et Xintiandi. Pas de navette a\u00e9roport\u00a0? Aucun souci\u00a0: le m\u00e9tro vous permet de vous d\u00e9placer facilement.<\/span><\/p><div class=\"qwen-markdown-space\">\u00a0<\/div><p class=\"qwen-markdown-paragraph\"><span class=\"qwen-markdown-text\">Les clients appr\u00e9cient particuli\u00e8rement la propret\u00e9 de l&#039;h\u00f4tel, la gentillesse du personnel et son emplacement central. Attention toutefois\u00a0: les ascenseurs sont partag\u00e9s avec les visiteurs du centre commercial, il est donc conseill\u00e9 de voyager l\u00e9ger. Bien qu&#039;il n&#039;y ait ni piscine ni chauffage (un point \u00e0 prendre en compte pour les s\u00e9jours hivernaux), l&#039;h\u00f4tel offre un excellent rapport qualit\u00e9-prix\u00a0: des chambres propres, calmes et tr\u00e8s pratiques \u00e0 partir de 139\u00a0USD la nuit.<\/span><\/p><div class=\"qwen-markdown-space\">\u00a0<\/div><p class=\"qwen-markdown-paragraph\" data-spm-anchor-id=\"a2ty_o01.29997173.0.i41.55ae5171dNQdaM\"><span class=\"qwen-markdown-text\">Id\u00e9al pour les voyageurs en solo, les couples, les familles et les voyageurs d&#039;affaires, l&#039;h\u00f4tel Shanghai Rezen Estelle est bien plus qu&#039;un simple lieu de repos\u00a0: c&#039;est le point de d\u00e9part id\u00e9al pour d\u00e9couvrir le fascinant m\u00e9lange de tradition et d&#039;innovation qui caract\u00e9rise Shanghai. R\u00e9servez d\u00e8s maintenant et laissez-vous emporter par le rythme de la ville.<\/span><\/p>\t\t\t\t\t\t\t\t<\/div>\n\t\t\t\t\t<\/div>\n\t\t<\/div>\n\t\t\t\t<div class=\"elementor-column elementor-col-50 elementor-top-column elementor-element elementor-element-25cd2a7\" data-id=\"25cd2a7\" data-element_type=\"column\" data-e-type=\"column\">\n\t\t\t<div class=\"elementor-widget-wrap elementor-element-populated\">\n\t\t\t\t\t\t<div class=\"elementor-element elementor-element-02f83d7 elementor-widget__width-initial elementor-widget-mobile__width-inherit elementor-invisible nuss-elementor-loading nuss-slide-in-right elementor-widget elementor-widget-image\" data-id=\"02f83d7\" data-element_type=\"widget\" data-e-type=\"widget\" data-settings=\"{&quot;_animation&quot;:&quot;nussSlideInRight&quot;}\" data-widget_type=\"image.default\">\n\t\t\t\t\t\t\t\t\t\t\t\t\t\t\t<img decoding=\"async\" width=\"1280\" height=\"853\" src=\"https:\/\/rezenestellehotel.com\/wp-content\/uploads\/2026\/01\/Rezen-Estelle-Hotel-73.webp\" class=\"attachment-full size-full wp-image-7506\" alt=\"\" srcset=\"https:\/\/rezenestellehotel.com\/wp-content\/uploads\/2026\/01\/Rezen-Estelle-Hotel-73.webp 1280w, https:\/\/rezenestellehotel.com\/wp-content\/uploads\/2026\/01\/Rezen-Estelle-Hotel-73-300x200.webp 300w, https:\/\/rezenestellehotel.com\/wp-content\/uploads\/2026\/01\/Rezen-Estelle-Hotel-73-1024x682.webp 1024w, https:\/\/rezenestellehotel.com\/wp-content\/uploads\/2026\/01\/Rezen-Estelle-Hotel-73-768x512.webp 768w, https:\/\/rezenestellehotel.com\/wp-content\/uploads\/2026\/01\/Rezen-Estelle-Hotel-73-18x12.webp 18w\" sizes=\"(max-width: 1280px) 100vw, 1280px\" \/>\t\t\t\t\t\t\t\t\t\t\t\t\t\t\t<\/div>\n\t\t\t\t\t<\/div>\n\t\t<\/div>\n\t\t\t\t\t<\/div>\n\t\t<\/section>\n\t\t\t\t<\/div>","protected":false},"excerpt":{"rendered":"<p>Shanghai Rezen Estelle Hotel (Nanjing Road Walkway Bund Branch) \u2013 Your Smart, Stylish Base in the Heart of Shanghai\u2019s Most Iconic District Discover the perfect fusion of convenience, comfort, and contemporary design at Shanghai Rezen Estelle Hotel (Nanjing Road Walkway Bund Branch) \u2014 a modern 3-star boutique gem perched on the 7th floor of Yuehui [&hellip;]<\/p>\n","protected":false},"author":1,"featured_media":0,"parent":0,"menu_order":0,"comment_status":"closed","ping_status":"closed","template":"","meta":{"footnotes":""},"class_list":["post-5266","page","type-page","status-publish","hentry","post-no-thumbnail"],"_links":{"self":[{"href":"https:\/\/rezenestellehotel.com\/fr\/wp-json\/wp\/v2\/pages\/5266","targetHints":{"allow":["GET"]}}],"collection":[{"href":"https:\/\/rezenestellehotel.com\/fr\/wp-json\/wp\/v2\/pages"}],"about":[{"href":"https:\/\/rezenestellehotel.com\/fr\/wp-json\/wp\/v2\/types\/page"}],"author":[{"embeddable":true,"href":"https:\/\/rezenestellehotel.com\/fr\/wp-json\/wp\/v2\/users\/1"}],"replies":[{"embeddable":true,"href":"https:\/\/rezenestellehotel.com\/fr\/wp-json\/wp\/v2\/comments?post=5266"}],"version-history":[{"count":0,"href":"https:\/\/rezenestellehotel.com\/fr\/wp-json\/wp\/v2\/pages\/5266\/revisions"}],"wp:attachment":[{"href":"https:\/\/rezenestellehotel.com\/fr\/wp-json\/wp\/v2\/media?parent=5266"}],"curies":[{"name":"wp","href":"https:\/\/api.w.org\/{rel}","templated":true}]}}