{"id":5266,"date":"2021-07-18T08:03:35","date_gmt":"2021-07-18T08:03:35","guid":{"rendered":"https:\/\/nuss.uxper.co\/luxury-resort\/?page_id=5266"},"modified":"2026-01-07T05:20:55","modified_gmt":"2026-01-07T05:20:55","slug":"sobre-nosotros","status":"publish","type":"page","link":"https:\/\/rezenestellehotel.com\/es\/sobre-nosotros\/","title":{"rendered":"Sobre nosotros"},"content":{"rendered":"<div data-elementor-type=\"wp-page\" data-elementor-id=\"5266\" class=\"elementor elementor-5266\">\n\t\t\t\t\t\t<section class=\"elementor-section elementor-top-section elementor-element elementor-element-10416953 elementor-section-boxed elementor-section-gap-beside-yes elementor-section-height-default elementor-section-height-default elementor-section-column-vertical-align-stretch\" data-id=\"10416953\" data-element_type=\"section\" data-e-type=\"section\">\n\t\t\t\t\t\t<div class=\"elementor-container elementor-column-gap-extended\">\n\t\t\t\t\t<div class=\"elementor-column elementor-col-100 elementor-top-column elementor-element elementor-element-29c6aa8\" data-id=\"29c6aa8\" data-element_type=\"column\" data-e-type=\"column\">\n\t\t\t<div class=\"elementor-widget-wrap elementor-element-populated\">\n\t\t\t\t\t\t<div class=\"elementor-element elementor-element-7be18fe7 elementor-widget__width-initial elementor-invisible elementor-widget elementor-widget-text-editor\" data-id=\"7be18fe7\" data-element_type=\"widget\" data-e-type=\"widget\" data-settings=\"{&quot;_animation&quot;:&quot;nussFadeInUp&quot;}\" data-widget_type=\"text-editor.default\">\n\t\t\t\t\t\t\t\t\t<div class=\"svelte-1c06zsf\" data-lang-code=\"\"><p class=\"qwen-markdown-paragraph\" data-spm-anchor-id=\"a2ty_o01.29997173.0.i33.55ae5171dNQdaM\"><strong class=\"qwen-markdown-strong\"><span class=\"qwen-markdown-text\">Hotel Shanghai Rezen Estelle (sucursal de Nanjing Road Walkway Bund): su base elegante y con estilo en el coraz\u00f3n del distrito m\u00e1s emblem\u00e1tico de Shangh\u00e1i.<\/span><\/strong><\/p><\/div>\t\t\t\t\t\t\t\t<\/div>\n\t\t\t\t\t<\/div>\n\t\t<\/div>\n\t\t\t\t\t<\/div>\n\t\t<\/section>\n\t\t\t\t<section class=\"elementor-section elementor-top-section elementor-element elementor-element-7d18327f elementor-section-boxed elementor-section-gap-beside-yes elementor-section-height-default elementor-section-height-default elementor-section-column-vertical-align-stretch\" data-id=\"7d18327f\" data-element_type=\"section\" data-e-type=\"section\">\n\t\t\t\t\t\t<div class=\"elementor-container elementor-column-gap-extended\">\n\t\t\t\t\t<div class=\"elementor-column elementor-col-50 elementor-top-column elementor-element elementor-element-56533670\" data-id=\"56533670\" data-element_type=\"column\" data-e-type=\"column\">\n\t\t\t<div class=\"elementor-widget-wrap elementor-element-populated\">\n\t\t\t\t\t\t<div class=\"elementor-element elementor-element-19c3f543 elementor-drop-cap-yes elementor-drop-cap-view-default elementor-invisible elementor-widget elementor-widget-text-editor\" data-id=\"19c3f543\" data-element_type=\"widget\" data-e-type=\"widget\" data-settings=\"{&quot;_animation&quot;:&quot;nussFadeInUp&quot;,&quot;drop_cap&quot;:&quot;yes&quot;}\" data-widget_type=\"text-editor.default\">\n\t\t\t\t\t\t\t\t\t<p class=\"qwen-markdown-paragraph\" data-spm-anchor-id=\"a2ty_o01.29997173.0.i34.55ae5171dNQdaM\"><span class=\"qwen-markdown-text\" data-spm-anchor-id=\"a2ty_o01.29997173.0.i35.55ae5171dNQdaM\">Descubra la fusi\u00f3n perfecta de conveniencia, comodidad y dise\u00f1o contempor\u00e1neo en <\/span><strong class=\"qwen-markdown-strong\"><span class=\"qwen-markdown-text\">Hotel Shanghai Rezen Estelle (sucursal de Nanjing Road Walkway Bund)<\/span><\/strong><span class=\"qwen-markdown-text\"> \u2014 Una moderna joya boutique de 3 estrellas ubicada en el s\u00e9ptimo piso de Yuehui Plaza, a pocos pasos de la vibrante calle peatonal Nanjing Road y del encanto hist\u00f3rico del Bund. <\/span><strong class=\"qwen-markdown-strong\"><span class=\"qwen-markdown-text\">No. 337 Shandong Middle Road, distrito de Huangpu<\/span><\/strong><span class=\"qwen-markdown-text\">, Esta propiedad recientemente inaugurada en 2025 est\u00e1 hecha a medida para viajeros inteligentes que buscan un acceso sin esfuerzo a las principales atracciones, tiendas, restaurantes y transporte de Shangh\u00e1i, sin sacrificar el estilo ni el servicio.<\/span><\/p>\t\t\t\t\t\t\t\t<\/div>\n\t\t\t\t\t<\/div>\n\t\t<\/div>\n\t\t\t\t<div class=\"elementor-column elementor-col-50 elementor-top-column elementor-element elementor-element-30f14127\" data-id=\"30f14127\" data-element_type=\"column\" data-e-type=\"column\">\n\t\t\t<div class=\"elementor-widget-wrap elementor-element-populated\">\n\t\t\t\t\t\t<div class=\"elementor-element elementor-element-59aea08 elementor-widget elementor-widget-image\" data-id=\"59aea08\" data-element_type=\"widget\" data-e-type=\"widget\" data-widget_type=\"image.default\">\n\t\t\t\t\t\t\t\t\t\t\t\t\t\t\t<img fetchpriority=\"high\" decoding=\"async\" width=\"1024\" height=\"682\" src=\"https:\/\/rezenestellehotel.com\/wp-content\/uploads\/2026\/01\/Rezen-Estelle-Hotel-80-1024x682.webp\" class=\"attachment-large size-large wp-image-7513\" alt=\"\" srcset=\"https:\/\/rezenestellehotel.com\/wp-content\/uploads\/2026\/01\/Rezen-Estelle-Hotel-80-1024x682.webp 1024w, https:\/\/rezenestellehotel.com\/wp-content\/uploads\/2026\/01\/Rezen-Estelle-Hotel-80-300x200.webp 300w, https:\/\/rezenestellehotel.com\/wp-content\/uploads\/2026\/01\/Rezen-Estelle-Hotel-80-768x512.webp 768w, https:\/\/rezenestellehotel.com\/wp-content\/uploads\/2026\/01\/Rezen-Estelle-Hotel-80-18x12.webp 18w, https:\/\/rezenestellehotel.com\/wp-content\/uploads\/2026\/01\/Rezen-Estelle-Hotel-80.webp 1280w\" sizes=\"(max-width: 1024px) 100vw, 1024px\" \/>\t\t\t\t\t\t\t\t\t\t\t\t\t\t\t<\/div>\n\t\t\t\t\t<\/div>\n\t\t<\/div>\n\t\t\t\t\t<\/div>\n\t\t<\/section>\n\t\t\t\t<section class=\"elementor-section elementor-top-section elementor-element elementor-element-29fb8578 elementor-section-height-min-height elementor-section-stretched elementor-section-full_width elementor-section-items-stretch elementor-section-height-default elementor-section-column-vertical-align-stretch\" data-id=\"29fb8578\" data-element_type=\"section\" data-e-type=\"section\" data-settings=\"{&quot;stretch_section&quot;:&quot;section-stretched&quot;}\">\n\t\t\t\t\t\t<div class=\"elementor-container elementor-column-gap-no\">\n\t\t\t\t\t<div class=\"elementor-column elementor-col-50 elementor-top-column elementor-element elementor-element-40ac270b\" data-id=\"40ac270b\" data-element_type=\"column\" data-e-type=\"column\">\n\t\t\t<div class=\"elementor-widget-wrap elementor-element-populated\">\n\t\t\t\t\t\t<div class=\"elementor-element elementor-element-20872773 elementor-widget__width-initial elementor-widget-mobile__width-inherit elementor-invisible nuss-elementor-loading nuss-slide-in-right elementor-widget elementor-widget-image\" data-id=\"20872773\" data-element_type=\"widget\" data-e-type=\"widget\" data-settings=\"{&quot;_animation&quot;:&quot;nussSlideInRight&quot;}\" data-widget_type=\"image.default\">\n\t\t\t\t\t\t\t\t\t\t\t\t\t\t\t<img decoding=\"async\" width=\"1280\" height=\"853\" src=\"https:\/\/rezenestellehotel.com\/wp-content\/uploads\/2026\/01\/Rezen-Estelle-Hotel-79.webp\" class=\"attachment-full size-full wp-image-7512\" alt=\"\" srcset=\"https:\/\/rezenestellehotel.com\/wp-content\/uploads\/2026\/01\/Rezen-Estelle-Hotel-79.webp 1280w, https:\/\/rezenestellehotel.com\/wp-content\/uploads\/2026\/01\/Rezen-Estelle-Hotel-79-300x200.webp 300w, https:\/\/rezenestellehotel.com\/wp-content\/uploads\/2026\/01\/Rezen-Estelle-Hotel-79-1024x682.webp 1024w, https:\/\/rezenestellehotel.com\/wp-content\/uploads\/2026\/01\/Rezen-Estelle-Hotel-79-768x512.webp 768w, https:\/\/rezenestellehotel.com\/wp-content\/uploads\/2026\/01\/Rezen-Estelle-Hotel-79-18x12.webp 18w\" sizes=\"(max-width: 1280px) 100vw, 1280px\" \/>\t\t\t\t\t\t\t\t\t\t\t\t\t\t\t<\/div>\n\t\t\t\t\t<\/div>\n\t\t<\/div>\n\t\t\t\t<div class=\"elementor-column elementor-col-50 elementor-top-column elementor-element elementor-element-2dac103\" data-id=\"2dac103\" data-element_type=\"column\" data-e-type=\"column\">\n\t\t\t<div class=\"elementor-widget-wrap elementor-element-populated\">\n\t\t\t\t\t\t<div class=\"elementor-element elementor-element-6f1b8966 elementor-invisible elementor-widget elementor-widget-text-editor\" data-id=\"6f1b8966\" data-element_type=\"widget\" data-e-type=\"widget\" data-settings=\"{&quot;_animation&quot;:&quot;nussFadeInUp&quot;}\" data-widget_type=\"text-editor.default\">\n\t\t\t\t\t\t\t\t\t<p class=\"qwen-markdown-paragraph\" data-spm-anchor-id=\"a2ty_o01.29997173.0.i37.55ae5171dNQdaM\"><span class=\"qwen-markdown-text\" data-spm-anchor-id=\"a2ty_o01.29997173.0.i36.55ae5171dNQdaM\">Ya sea que viaje por negocios, placer o una combinaci\u00f3n de ambos, Rezen Estelle le ofrece un estilo de vida urbano inteligente con comodidades pensadas para usted: wifi de alta velocidad gratuito, servicio de limpieza diario, minineveras, sistemas de ventilaci\u00f3n inteligentes e incluso servicio de mayordomo en habitaciones seleccionadas. Elija entre espacios acogedores y bien equipados como el <\/span><strong class=\"qwen-markdown-strong\"><span class=\"qwen-markdown-text\">Habitaci\u00f3n tranquila con dos camas individuales<\/span><\/strong><span class=\"qwen-markdown-text\">, los expertos en tecnolog\u00eda <\/span><strong class=\"qwen-markdown-strong\"><span class=\"qwen-markdown-text\">Habitaci\u00f3n doble con tatami audiovisual<\/span><\/strong><span class=\"qwen-markdown-text\"> (perfecto para los amantes del cine), o la vista al horizonte <\/span><strong class=\"qwen-markdown-strong\"><span class=\"qwen-markdown-text\">Habitaci\u00f3n Queen con vistas<\/span><\/strong><span class=\"qwen-markdown-text\"> \u2014todo dise\u00f1ado para ofrecer paz en medio del pulso de la ciudad.<\/span><\/p><div class=\"qwen-markdown-space\">\u00a0<\/div><p class=\"qwen-markdown-paragraph\" data-spm-anchor-id=\"a2ty_o01.29997173.0.i38.55ae5171dNQdaM\"><span class=\"qwen-markdown-text\">Cenar en el restaurante del hotel es un placer. <\/span><strong class=\"qwen-markdown-strong\"><span class=\"qwen-markdown-text\">\u4e3d\u5448\u7480\u9645\u9910\u5385 (Restaurante Rezen Estelle)<\/span><\/strong><span class=\"qwen-markdown-text\">, Sirve aut\u00e9nticos desayunos buffet chinos todos los d\u00edas de 7:00 a 9:30 (58 CNY por adulto; ni\u00f1os menores de 1,2 m comen gratis). Aunque peque\u00f1o, el restaurante ofrece comidas abundantes y frescas, ideales antes de salir a la calle o despu\u00e9s de un largo d\u00eda explorando la Plaza del Pueblo, el Jard\u00edn Yuyuan o el Museo de Shangh\u00e1i.<\/span><\/p>\t\t\t\t\t\t\t\t<\/div>\n\t\t\t\t\t<\/div>\n\t\t<\/div>\n\t\t\t\t\t<\/div>\n\t\t<\/section>\n\t\t\t\t<section class=\"elementor-section elementor-top-section elementor-element elementor-element-45a2845 elementor-section-height-min-height elementor-section-stretched elementor-section-full_width elementor-section-items-stretch elementor-section-height-default elementor-section-column-vertical-align-stretch\" data-id=\"45a2845\" data-element_type=\"section\" data-e-type=\"section\" data-settings=\"{&quot;stretch_section&quot;:&quot;section-stretched&quot;}\">\n\t\t\t\t\t\t<div class=\"elementor-container elementor-column-gap-no\">\n\t\t\t\t\t<div class=\"elementor-column elementor-col-50 elementor-top-column elementor-element elementor-element-1a455e4\" data-id=\"1a455e4\" data-element_type=\"column\" data-e-type=\"column\">\n\t\t\t<div class=\"elementor-widget-wrap elementor-element-populated\">\n\t\t\t\t\t\t<div class=\"elementor-element elementor-element-cd64517 elementor-invisible elementor-widget elementor-widget-text-editor\" data-id=\"cd64517\" data-element_type=\"widget\" data-e-type=\"widget\" data-settings=\"{&quot;_animation&quot;:&quot;nussFadeInUp&quot;}\" data-widget_type=\"text-editor.default\">\n\t\t\t\t\t\t\t\t\t<p class=\"qwen-markdown-paragraph\"><span class=\"qwen-markdown-text\" data-spm-anchor-id=\"a2ty_o01.29997173.0.i40.55ae5171dNQdaM\">La ubicaci\u00f3n lo es todo, y Rezen Estelle lo da todo. <\/span><strong class=\"qwen-markdown-strong\"><span class=\"qwen-markdown-text\">A 30 metros de la salida 3 de la estaci\u00f3n de metro East Nanjing Road<\/span><\/strong><span class=\"qwen-markdown-text\"> (L\u00edneas 2 y 10), est\u00e1s conectado con el Aeropuerto de Shangh\u00e1i Hongqiao (15,2 km), el Aeropuerto de Pudong (40 km), la Estaci\u00f3n de Tren de Shangh\u00e1i (5,3 km) y importantes centros tur\u00edsticos como el Bund, Lujiazui y Xintiandi. \u00bfNo tienes transporte al aeropuerto? No te preocupes: el acceso al metro facilita tu desplazamiento.<\/span><\/p><div class=\"qwen-markdown-space\">\u00a0<\/div><p class=\"qwen-markdown-paragraph\"><span class=\"qwen-markdown-text\">Los hu\u00e9spedes elogian constantemente la limpieza, la amabilidad del personal y la ubicaci\u00f3n c\u00e9ntrica del hotel. Sin embargo, tenga en cuenta que los ascensores se comparten con los visitantes del centro comercial, as\u00ed que lleve poco equipaje si es posible. Si bien no hay piscina ni calefacci\u00f3n (algo que se debe tener en cuenta para estancias de invierno), la relaci\u00f3n calidad-precio sigue siendo excelente: habitaciones limpias, tranquilas e incre\u00edblemente pr\u00e1cticas desde USD 139 por noche.<\/span><\/p><div class=\"qwen-markdown-space\">\u00a0<\/div><p class=\"qwen-markdown-paragraph\" data-spm-anchor-id=\"a2ty_o01.29997173.0.i41.55ae5171dNQdaM\"><span class=\"qwen-markdown-text\">Ideal para viajeros solos, parejas, familias y viajeros de negocios, el Hotel Shanghai Rezen Estelle no es solo un lugar para dormir: es tu punto de partida para experimentar la deslumbrante combinaci\u00f3n de tradici\u00f3n e innovaci\u00f3n de Shangh\u00e1i. Reserva ahora y d\u00e9jate llevar por el ritmo de la ciudad.<\/span><\/p>\t\t\t\t\t\t\t\t<\/div>\n\t\t\t\t\t<\/div>\n\t\t<\/div>\n\t\t\t\t<div class=\"elementor-column elementor-col-50 elementor-top-column elementor-element elementor-element-25cd2a7\" data-id=\"25cd2a7\" data-element_type=\"column\" data-e-type=\"column\">\n\t\t\t<div class=\"elementor-widget-wrap elementor-element-populated\">\n\t\t\t\t\t\t<div class=\"elementor-element elementor-element-02f83d7 elementor-widget__width-initial elementor-widget-mobile__width-inherit elementor-invisible nuss-elementor-loading nuss-slide-in-right elementor-widget elementor-widget-image\" data-id=\"02f83d7\" data-element_type=\"widget\" data-e-type=\"widget\" data-settings=\"{&quot;_animation&quot;:&quot;nussSlideInRight&quot;}\" data-widget_type=\"image.default\">\n\t\t\t\t\t\t\t\t\t\t\t\t\t\t\t<img decoding=\"async\" width=\"1280\" height=\"853\" src=\"https:\/\/rezenestellehotel.com\/wp-content\/uploads\/2026\/01\/Rezen-Estelle-Hotel-73.webp\" class=\"attachment-full size-full wp-image-7506\" alt=\"\" srcset=\"https:\/\/rezenestellehotel.com\/wp-content\/uploads\/2026\/01\/Rezen-Estelle-Hotel-73.webp 1280w, https:\/\/rezenestellehotel.com\/wp-content\/uploads\/2026\/01\/Rezen-Estelle-Hotel-73-300x200.webp 300w, https:\/\/rezenestellehotel.com\/wp-content\/uploads\/2026\/01\/Rezen-Estelle-Hotel-73-1024x682.webp 1024w, https:\/\/rezenestellehotel.com\/wp-content\/uploads\/2026\/01\/Rezen-Estelle-Hotel-73-768x512.webp 768w, https:\/\/rezenestellehotel.com\/wp-content\/uploads\/2026\/01\/Rezen-Estelle-Hotel-73-18x12.webp 18w\" sizes=\"(max-width: 1280px) 100vw, 1280px\" \/>\t\t\t\t\t\t\t\t\t\t\t\t\t\t\t<\/div>\n\t\t\t\t\t<\/div>\n\t\t<\/div>\n\t\t\t\t\t<\/div>\n\t\t<\/section>\n\t\t\t\t<\/div>","protected":false},"excerpt":{"rendered":"<p>Shanghai Rezen Estelle Hotel (Nanjing Road Walkway Bund Branch) \u2013 Your Smart, Stylish Base in the Heart of Shanghai\u2019s Most Iconic District Discover the perfect fusion of convenience, comfort, and contemporary design at Shanghai Rezen Estelle Hotel (Nanjing Road Walkway Bund Branch) \u2014 a modern 3-star boutique gem perched on the 7th floor of Yuehui [&hellip;]<\/p>\n","protected":false},"author":1,"featured_media":0,"parent":0,"menu_order":0,"comment_status":"closed","ping_status":"closed","template":"","meta":{"footnotes":""},"class_list":["post-5266","page","type-page","status-publish","hentry","post-no-thumbnail"],"_links":{"self":[{"href":"https:\/\/rezenestellehotel.com\/es\/wp-json\/wp\/v2\/pages\/5266","targetHints":{"allow":["GET"]}}],"collection":[{"href":"https:\/\/rezenestellehotel.com\/es\/wp-json\/wp\/v2\/pages"}],"about":[{"href":"https:\/\/rezenestellehotel.com\/es\/wp-json\/wp\/v2\/types\/page"}],"author":[{"embeddable":true,"href":"https:\/\/rezenestellehotel.com\/es\/wp-json\/wp\/v2\/users\/1"}],"replies":[{"embeddable":true,"href":"https:\/\/rezenestellehotel.com\/es\/wp-json\/wp\/v2\/comments?post=5266"}],"version-history":[{"count":0,"href":"https:\/\/rezenestellehotel.com\/es\/wp-json\/wp\/v2\/pages\/5266\/revisions"}],"wp:attachment":[{"href":"https:\/\/rezenestellehotel.com\/es\/wp-json\/wp\/v2\/media?parent=5266"}],"curies":[{"name":"wp","href":"https:\/\/api.w.org\/{rel}","templated":true}]}}