{"id":612,"date":"2021-03-26T10:04:13","date_gmt":"2021-03-26T10:04:13","guid":{"rendered":"http:\/\/localhost\/nuss\/?page_id=612"},"modified":"2026-01-07T05:35:10","modified_gmt":"2026-01-07T05:35:10","slug":"restaurant","status":"publish","type":"page","link":"https:\/\/rezenestellehotel.com\/de\/restaurant\/","title":{"rendered":"Restaurant"},"content":{"rendered":"<div data-elementor-type=\"wp-page\" data-elementor-id=\"612\" class=\"elementor elementor-612\">\n\t\t\t\t\t\t<section class=\"elementor-section elementor-top-section elementor-element elementor-element-e2effe8 elementor-section-boxed elementor-section-gap-beside-yes elementor-section-height-default elementor-section-height-default elementor-section-column-vertical-align-stretch\" data-id=\"e2effe8\" data-element_type=\"section\" data-e-type=\"section\">\n\t\t\t\t\t\t<div class=\"elementor-container elementor-column-gap-extended\">\n\t\t\t\t\t<div class=\"elementor-column elementor-col-100 elementor-top-column elementor-element elementor-element-e18f688\" data-id=\"e18f688\" data-element_type=\"column\" data-e-type=\"column\">\n\t\t\t<div class=\"elementor-widget-wrap elementor-element-populated\">\n\t\t\t\t\t\t<div class=\"elementor-element elementor-element-6db146d elementor-widget__width-initial elementor-invisible elementor-widget elementor-widget-text-editor\" data-id=\"6db146d\" data-element_type=\"widget\" data-e-type=\"widget\" data-settings=\"{&quot;_animation&quot;:&quot;nussFadeInUp&quot;}\" data-widget_type=\"text-editor.default\">\n\t\t\t\t\t\t\t\t\t<div class=\"svelte-1c06zsf\" data-lang-code=\"\"><p class=\"qwen-markdown-paragraph\"><strong class=\"qwen-markdown-strong\"><span class=\"qwen-markdown-text\" data-spm-anchor-id=\"a2ty_o01.29997173.0.i60.55ae5171dNQdaM\">\u4e3d\u5448\u7480\u9645\u9910\u5385 \u2013 Ihre t\u00e4gliche Dosis Shanghai Soul: Wo Komfort auf Bequemlichkeit trifft im Rezen Estelle Hotel (Zweigstelle Nanjing Road Walkway Bund)<\/span><\/strong><\/p><\/div>\t\t\t\t\t\t\t\t<\/div>\n\t\t\t\t\t<\/div>\n\t\t<\/div>\n\t\t\t\t\t<\/div>\n\t\t<\/section>\n\t\t<div class=\"elementor-element elementor-element-764955e e-flex e-con-boxed e-con e-parent\" data-id=\"764955e\" data-element_type=\"container\" data-e-type=\"container\">\n\t\t\t\t\t<div class=\"e-con-inner\">\n\t\t<div class=\"elementor-element elementor-element-3a71d84 e-con-full e-flex e-con e-child\" data-id=\"3a71d84\" data-element_type=\"container\" data-e-type=\"container\">\n\t\t\t\t<div class=\"elementor-element elementor-element-81a00fb elementor-widget elementor-widget-text-editor\" data-id=\"81a00fb\" data-element_type=\"widget\" data-e-type=\"widget\" data-widget_type=\"text-editor.default\">\n\t\t\t\t\t\t\t\t\t<p class=\"qwen-markdown-paragraph\"><span class=\"qwen-markdown-text\" data-spm-anchor-id=\"a2ty_o01.29997173.0.i62.55ae5171dNQdaM\">Versteckt im 7. Stock des Yuehui Plaza, nur wenige Schritte von der pulsierenden Energie der Nanjing Road und dem historischen Charme des Bund entfernt, liegt ein verborgenes Juwel, das sich schnell zu einem Favoriten unter anspruchsvollen Reisenden entwickelt: <\/span><strong class=\"qwen-markdown-strong\"><span class=\"qwen-markdown-text\">\u4e3d\u5448\u7480\u9645\u9910\u5385 (Rezen Estelle Restaurant)<\/span><\/strong><span class=\"qwen-markdown-text\"> \u2014 das Herz und die Seele von <\/span><strong class=\"qwen-markdown-strong\"><span class=\"qwen-markdown-text\" data-spm-anchor-id=\"a2ty_o01.29997173.0.i61.55ae5171dNQdaM\">Shanghai Rezen Estelle Hotel (Nanjing Road Walkway Bund Branch)<\/span><\/strong><span class=\"qwen-markdown-text\">.<\/span><\/p><div class=\"qwen-markdown-space\">\u00a0<\/div><p class=\"qwen-markdown-paragraph\"><span class=\"qwen-markdown-text\">Dies ist nicht einfach nur ein Hotelrestaurant. Es ist Ihr Morgenritual, Ihre St\u00e4rkung am Mittag und Ihr abendlicher Ausklang \u2013 alles vereint in einem gem\u00fctlichen, modernen Raum, der Ihr Shanghai-Abenteuer mit Geschmack, W\u00e4rme und unkompliziertem Komfort bereichern soll.<\/span><\/p>\t\t\t\t\t\t\t\t<\/div>\n\t\t\t\t<\/div>\n\t\t<div class=\"elementor-element elementor-element-bb76a06 e-con-full e-flex e-con e-child\" data-id=\"bb76a06\" data-element_type=\"container\" data-e-type=\"container\">\n\t\t\t\t<div class=\"elementor-element elementor-element-636ac5f elementor-widget elementor-widget-image\" data-id=\"636ac5f\" data-element_type=\"widget\" data-e-type=\"widget\" data-widget_type=\"image.default\">\n\t\t\t\t\t\t\t\t\t\t\t\t\t\t\t<img fetchpriority=\"high\" decoding=\"async\" width=\"639\" height=\"853\" src=\"https:\/\/rezenestellehotel.com\/wp-content\/uploads\/2026\/01\/Rezen-Estelle-Hotel-24.webp\" class=\"attachment-large size-large wp-image-7457\" alt=\"\" srcset=\"https:\/\/rezenestellehotel.com\/wp-content\/uploads\/2026\/01\/Rezen-Estelle-Hotel-24.webp 639w, https:\/\/rezenestellehotel.com\/wp-content\/uploads\/2026\/01\/Rezen-Estelle-Hotel-24-225x300.webp 225w, https:\/\/rezenestellehotel.com\/wp-content\/uploads\/2026\/01\/Rezen-Estelle-Hotel-24-9x12.webp 9w\" sizes=\"(max-width: 639px) 100vw, 639px\" \/>\t\t\t\t\t\t\t\t\t\t\t\t\t\t\t<\/div>\n\t\t\t\t<\/div>\n\t\t\t\t\t<\/div>\n\t\t\t\t<\/div>\n\t\t<div class=\"elementor-element elementor-element-d05381b e-flex e-con-boxed e-con e-parent\" data-id=\"d05381b\" data-element_type=\"container\" data-e-type=\"container\">\n\t\t\t\t\t<div class=\"e-con-inner\">\n\t\t\t\t<div class=\"elementor-element elementor-element-53bd849 elementor-widget elementor-widget-text-editor\" data-id=\"53bd849\" data-element_type=\"widget\" data-e-type=\"widget\" data-widget_type=\"text-editor.default\">\n\t\t\t\t\t\t\t\t\t<h3 class=\"qwen-markdown-heading\"><span class=\"qwen-markdown-text\" data-spm-anchor-id=\"a2ty_o01.29997173.0.i63.55ae5171dNQdaM\">\ud83c\udf73 Aufstehen und strahlen: Ein Fr\u00fchst\u00fcck f\u00fcr den perfekten Start in den Tag<\/span><\/h3><p class=\"qwen-markdown-paragraph\"><span class=\"qwen-markdown-text\">T\u00e4glich ge\u00f6ffnet ab <\/span><strong class=\"qwen-markdown-strong\"><span class=\"qwen-markdown-text\">7:00 Uhr bis 9:30 Uhr<\/span><\/strong><span class=\"qwen-markdown-text\">, Unser Fr\u00fchst\u00fccksbuffet ist mehr als nur Nahrungsaufnahme \u2013 es bietet Ihnen einen authentischen Einblick in Shanghais kulinarischen Rhythmus. Ob Sie fr\u00fch morgens die Metro nach Lujiazui nehmen oder den Yu-Garten erkunden m\u00f6chten, wir haben f\u00fcr Sie das Richtige:<\/span><\/p><div class=\"qwen-markdown-space\">\u00a0<\/div><ul class=\"qwen-markdown-list\" dir=\"auto\"><li><strong class=\"qwen-markdown-strong\"><span class=\"qwen-markdown-text\">Dampfende Sch\u00fcsseln mit Reisbrei<\/span><\/strong><span class=\"qwen-markdown-text\"> \u2014 seidig, wohltuend und perfekt f\u00fcr k\u00fchle Morgenstunden<\/span><\/li><li><strong class=\"qwen-markdown-strong\"><span class=\"qwen-markdown-text\">Frisch ged\u00e4mpfte Dim Sum<\/span><\/strong><span class=\"qwen-markdown-text\"> \u2014 Teigtaschen, Br\u00f6tchen und Rollen, gef\u00fcllt mit herzhaften F\u00fcllungen<\/span><\/li><li><strong class=\"qwen-markdown-strong\"><span class=\"qwen-markdown-text\">Handgezogene Nudeln<\/span><\/strong><span class=\"qwen-markdown-text\"> \u2014 z\u00e4h, s\u00e4ttigend und dampfend hei\u00df serviert<\/span><\/li><li><strong class=\"qwen-markdown-strong\"><span class=\"qwen-markdown-text\">Lokale Spezialit\u00e4ten<\/span><\/strong><span class=\"qwen-markdown-text\"> \u2014 Denken Sie an Sojamilch, frittierte Teigstangen (Youtiao), eingelegtes Gem\u00fcse und weichgekochte Eier<\/span><\/li><li><strong class=\"qwen-markdown-strong\"><span class=\"qwen-markdown-text\">Optionen im Westen<\/span><\/strong><span class=\"qwen-markdown-text\"> \u2014 Toast, R\u00fchrei, W\u00fcrstchen und frisches Obst f\u00fcr alle, die Abwechslung lieben.<\/span><\/li><\/ul><div class=\"qwen-markdown-space\">\u00a0<\/div><p class=\"qwen-markdown-paragraph\"><span class=\"qwen-markdown-text\">Zum Preis von nur <\/span><strong class=\"qwen-markdown-strong\"><span class=\"qwen-markdown-text\">58 CNY pro Erwachsenem<\/span><\/strong><span class=\"qwen-markdown-text\"> (~8,31 USD) und <\/span><strong class=\"qwen-markdown-strong\"><span class=\"qwen-markdown-text\">48 CNY f\u00fcr Kinder \u00fcber 1,2 m<\/span><\/strong><span class=\"qwen-markdown-text\"> (Kinder unter 1,2 m essen kostenlos!), bietet dieses reichhaltige Angebot ein au\u00dfergew\u00f6hnliches Preis-Leistungs-Verh\u00e4ltnis \u2013 insbesondere wenn man bedenkt, wie selten es ist, ein so ausgewogenes, frisch zubereitetes Fr\u00fchst\u00fcck so nah an den Top-Attraktionen der Stadt zu finden.<\/span><\/p><div class=\"qwen-markdown-space\">\u00a0<\/div><p class=\"qwen-markdown-paragraph\"><span class=\"qwen-markdown-text\">Die G\u00e4ste loben durchweg die Qualit\u00e4t: <\/span><\/p><blockquote class=\"qwen-markdown-blockquote\"><p class=\"qwen-markdown-paragraph\"><em><span class=\"qwen-markdown-text\">\u201cDas Fr\u00fchst\u00fcck war gut.\u201d<\/span><\/em><span class=\"qwen-markdown-text\"> \u2014 Gastnutzer, 5. Januar 2026<\/span><br \/><em><span class=\"qwen-markdown-text\">\u201cEin gro\u00dfartiger Start in den Tag \u2013 frisch, reichhaltig und perfekt getimt, bevor ich mich auf die Stra\u00dfe begab.\u201d<\/span><\/em><\/p><\/blockquote><div class=\"qwen-markdown-space\">\u00a0<\/div><p class=\"qwen-markdown-paragraph\"><span class=\"qwen-markdown-text\">Und ja \u2013 wenn Sie mit kleinen Kindern reisen, werden Sie sich freuen: Kinder unter 1,20 m essen kostenlos. Keine versteckten Kosten. Keine \u00dcberraschungen. Einfach gutes Essen, serviert mit einem L\u00e4cheln.<\/span><\/p><div class=\"qwen-markdown-space\">\u00a0<\/div><div class=\"qwen-markdown-hr\"><hr \/><\/div><div class=\"qwen-markdown-space\">\u00a0<\/div><h3 class=\"qwen-markdown-heading\"><span class=\"qwen-markdown-text\">\ud83c\udf06 Ganzt\u00e4gige Verpflegung: Mittag- und Abendessen f\u00fcr Reisende unterwegs<\/span><\/h3><p class=\"qwen-markdown-paragraph\"><span class=\"qwen-markdown-text\">Das Fr\u00fchst\u00fcck ist unser Star., <\/span><strong class=\"qwen-markdown-strong\"><span class=\"qwen-markdown-text\">\u4e3d\u5448\u7480\u9645\u9910\u5385<\/span><\/strong><span class=\"qwen-markdown-text\"> Wir schlie\u00dfen nicht nach 9:30 Uhr \u2013 wir haben bis <\/span><strong class=\"qwen-markdown-strong\"><span class=\"qwen-markdown-text\">22:00 Uhr<\/span><\/strong><span class=\"qwen-markdown-text\">, Wir servieren Mittag- und Abendessen f\u00fcr G\u00e4ste, die nach einem langen Tag voller Meetings, Besichtigungen oder Einkaufsbummel eine schnelle und zuverl\u00e4ssige Mahlzeit ben\u00f6tigen.<\/span><\/p><div class=\"qwen-markdown-space\">\u00a0<\/div><p class=\"qwen-markdown-paragraph\"><span class=\"qwen-markdown-text\">Betrachten Sie uns als Ihre urbane Oase \u2013 einen Ort, an dem Sie:<\/span><\/p><div class=\"qwen-markdown-space\">\u00a0<\/div><p class=\"qwen-markdown-paragraph\"><span class=\"qwen-markdown-text\">\u2705 G\u00f6nnen Sie sich nach Ihrer Erkundung des Volksplatzes eine Sch\u00fcssel Nudeln.<\/span><br \/><span class=\"qwen-markdown-text\">\u2705 Genie\u00dfen Sie ein ruhiges Abendessen, bevor Sie die letzte U-Bahn zum Flughafen Pudong nehmen.<\/span><br \/><span class=\"qwen-markdown-text\">\u2705 St\u00e4rken Sie sich nach einem regnerischen Nachmittag am Bund mit einer warmen Suppe und Reis. <\/span><\/p><div class=\"qwen-markdown-space\">\u00a0<\/div><p class=\"qwen-markdown-paragraph\"><span class=\"qwen-markdown-text\">Unsere Speisekarte ist ausgerichtet auf <\/span><strong class=\"qwen-markdown-strong\"><span class=\"qwen-markdown-text\">Chinesische K\u00fcche<\/span><\/strong><span class=\"qwen-markdown-text\">, Mit Fokus auf Komfort, Einfachheit und Schnelligkeit \u2013 ideal f\u00fcr Reisende, die unkompliziert gut essen m\u00f6chten. Zwar keine Gourmetk\u00fcche, aber jedes Gericht wird mit Sorgfalt zubereitet, mit frischen Zutaten und vertrauten Aromen, die der Seele guttun.<\/span><\/p><div class=\"qwen-markdown-space\">\u00a0<\/div><div class=\"qwen-markdown-hr\"><hr \/><\/div><div class=\"qwen-markdown-space\">\u00a0<\/div><h3 class=\"qwen-markdown-heading\"><span class=\"qwen-markdown-text\">\ud83d\udccd Lage? Unschlagbar.<\/span><\/h3><p class=\"qwen-markdown-paragraph\"><span class=\"qwen-markdown-text\">Sie speisen nicht einfach nur in einem Hotel \u2013 Sie speisen im Epizentrum von Shanghais pulsierendstem Viertel. Gelegen auf dem <\/span><strong class=\"qwen-markdown-strong\"><span class=\"qwen-markdown-text\">7. Stock des Yuehui Plaza<\/span><\/strong><span class=\"qwen-markdown-text\">, Unser Restaurant bietet:<\/span><\/p><div class=\"qwen-markdown-space\">\u00a0<\/div><ul class=\"qwen-markdown-list\" dir=\"auto\"><li><strong class=\"qwen-markdown-strong\"><span class=\"qwen-markdown-text\">Panoramablick<\/span><\/strong><span class=\"qwen-markdown-text\"> (aus ausgew\u00e4hlten Tabellen) der Shandong Middle Road und der umliegenden Skyline<\/span><\/li><li><strong class=\"qwen-markdown-strong\"><span class=\"qwen-markdown-text\">Direkter Zugriff<\/span><\/strong><span class=\"qwen-markdown-text\"> Zum Ausgang 3 der U-Bahn-Station East Nanjing Road (Linien 2 und 10) \u2013 weniger als 100 Meter entfernt<\/span><\/li><li><strong class=\"qwen-markdown-strong\"><span class=\"qwen-markdown-text\">Einfache Verbindungen<\/span><\/strong><span class=\"qwen-markdown-text\"> zum Flughafen Hongqiao (15,2 km), zum Flughafen Pudong (40 km) und zu wichtigen Touristenzentren wie dem Bund, Xintiandi und dem Yu-Garten<\/span><\/li><\/ul><div class=\"qwen-markdown-space\">\u00a0<\/div><p class=\"qwen-markdown-paragraph\"><span class=\"qwen-markdown-text\">Ob Sie gesch\u00e4ftlich oder privat hier sind, unser Restaurant sorgt daf\u00fcr, dass Sie f\u00fcr eine zufriedenstellende Mahlzeit nie weit laufen m\u00fcssen \u2013 das spart Ihnen Zeit, Geld und Energie.<\/span><\/p><div class=\"qwen-markdown-space\">\u00a0<\/div><div class=\"qwen-markdown-hr\"><hr \/><\/div><div class=\"qwen-markdown-space\">\u00a0<\/div><h3 class=\"qwen-markdown-heading\"><span class=\"qwen-markdown-text\">\ud83d\udca1 Intelligente Ausstattungsmerkmale f\u00fcr moderne Reisende<\/span><\/h3><p class=\"qwen-markdown-paragraph\"><span class=\"qwen-markdown-text\">Wir wissen, dass Sie viel zu tun haben \u2013 deshalb haben wir Ihren Restaurantbesuch bei uns so unkompliziert wie m\u00f6glich gestaltet:<\/span><\/p><div class=\"qwen-markdown-space\">\u00a0<\/div><ul class=\"qwen-markdown-list\" dir=\"auto\"><li><strong class=\"qwen-markdown-strong\"><span class=\"qwen-markdown-text\">Kostenloses WLAN<\/span><\/strong><span class=\"qwen-markdown-text\"> \u2014 Nutzen Sie die Gelegenheit, E-Mails zu beantworten oder Fotos hochzuladen, w\u00e4hrend Sie essen<\/span><\/li><li><strong class=\"qwen-markdown-strong\"><span class=\"qwen-markdown-text\">Nichtraucherumgebung<\/span><\/strong><span class=\"qwen-markdown-text\"> \u2014 saubere Luft, klarer Kopf<\/span><\/li><li><strong class=\"qwen-markdown-strong\"><span class=\"qwen-markdown-text\">T\u00e4gliche Zimmerreinigung<\/span><\/strong><span class=\"qwen-markdown-text\"> \u2014 makellose Tische, frische Tischw\u00e4sche und ein tadelloser Service<\/span><\/li><li><strong class=\"qwen-markdown-strong\"><span class=\"qwen-markdown-text\">Freundliches, englischsprachiges Personal<\/span><\/strong><span class=\"qwen-markdown-text\"> \u2014 gerne behilflich mit Empfehlungen, Wegbeschreibungen oder sogar bei der Suche nach einem Mitternachtssnack.<\/span><\/li><\/ul><div class=\"qwen-markdown-space\">\u00a0<\/div><p class=\"qwen-markdown-paragraph\"><span class=\"qwen-markdown-text\">Und wenn Sie in einem Zimmer mit <\/span><strong class=\"qwen-markdown-strong\"><span class=\"qwen-markdown-text\">Butlerservice<\/span><\/strong><span class=\"qwen-markdown-text\"> (wie zum Beispiel das Queen Zimmer mit Aussicht), k\u00f6nnen Sie gerne darum bitten, einen Tisch zu reservieren oder einen Sonderwunsch zu erf\u00fcllen \u2013 wir sind hier, um Ihren Aufenthalt so angenehm wie m\u00f6glich zu gestalten.<\/span><\/p><div class=\"qwen-markdown-space\">\u00a0<\/div><div class=\"qwen-markdown-hr\"><hr \/><\/div><div class=\"qwen-markdown-space\">\u00a0<\/div><h3 class=\"qwen-markdown-heading\"><span class=\"qwen-markdown-text\">\ud83e\uddf3 Profi-Tipps f\u00fcr G\u00e4ste:<\/span><\/h3><p class=\"qwen-markdown-paragraph\"><span class=\"qwen-markdown-text\">\u2714\ufe0f <\/span><strong class=\"qwen-markdown-strong\"><span class=\"qwen-markdown-text\">Fr\u00fch anreisen<\/span><\/strong><span class=\"qwen-markdown-text\"> \u2014 Der Fr\u00fchst\u00fccksservice endet p\u00fcnktlich um 9:30 Uhr, und die Zimmer sind in der Hochsaison schnell ausgebucht.<\/span><br \/><span class=\"qwen-markdown-text\">\u2714\ufe0f <\/span><strong class=\"qwen-markdown-strong\"><span class=\"qwen-markdown-text\">Bringen Sie Bargeld mit.<\/span><\/strong><span class=\"qwen-markdown-text\"> \u2014 Kreditkarten werden zwar akzeptiert, einige G\u00e4ste bevorzugen jedoch die Zahlung in chinesischen New York, um es sich bequemer zu machen.<\/span><br \/><span class=\"qwen-markdown-text\">\u2714\ufe0f <\/span><strong class=\"qwen-markdown-strong\"><span class=\"qwen-markdown-text\">Bitten Sie um einen Fensterplatz.<\/span><\/strong><span class=\"qwen-markdown-text\"> \u2014 Genie\u00dfen Sie, wenn m\u00f6glich, w\u00e4hrend des Essens dezente Ausblicke auf die Stadt.<\/span><br \/><span class=\"qwen-markdown-text\">\u2714\ufe0f <\/span><strong class=\"qwen-markdown-strong\"><span class=\"qwen-markdown-text\">Verzichten Sie auf das Taxi.<\/span><\/strong><span class=\"qwen-markdown-text\"> \u2014 Gehen Sie stattdessen zu Fu\u00df zur U-Bahn; das ist schneller, g\u00fcnstiger und sie befindet sich direkt vor der T\u00fcr.<\/span><\/p><div class=\"qwen-markdown-space\">\u00a0<\/div><div class=\"qwen-markdown-hr\"><hr \/><\/div><div class=\"qwen-markdown-space\">\u00a0<\/div><h3 class=\"qwen-markdown-heading\"><span class=\"qwen-markdown-text\">\ud83c\udf1f Warum Reisende uns lieben:<\/span><\/h3><blockquote class=\"qwen-markdown-blockquote\"><p class=\"qwen-markdown-paragraph\"><em><span class=\"qwen-markdown-text\">\u201cDie Lage ist super, direkt gegen\u00fcber von Ausgang 3 der Metro. Das Zimmer war blitzsauber. Es gab viele Annehmlichkeiten, darunter eine Zahnb\u00fcrste und eine kostenlose Minibar. Das Fr\u00fchst\u00fcck war lecker. Die Angestellten waren sehr nett und hilfsbereit.\u201d<\/span><\/em><br \/><span class=\"qwen-markdown-text\">\u2014 Gastnutzer, 5. Januar 2026<\/span><\/p><\/blockquote><div class=\"qwen-markdown-space\">\u00a0<\/div><p class=\"qwen-markdown-paragraph\"><span class=\"qwen-markdown-text\">Dieses \u201cleckere Fr\u00fchst\u00fcck\u201d ist kein Zufall \u2013 es ist Absicht. Wir glauben, dass ein guter Start in den Tag die Grundlage f\u00fcr alles Folgende bildet. Und egal, ob Sie eine Nacht oder zehn bei uns verbringen, wir m\u00f6chten, dass Sie sich nach Ihrer Abreise rundum wohlf\u00fchlen \u2013 nicht nur durch das Essen, sondern auch durch die Sorgfalt und Liebe zum Detail, die wir in jedes Detail einflie\u00dfen lassen.<\/span><\/p><div class=\"qwen-markdown-space\">\u00a0<\/div><div class=\"qwen-markdown-hr\"><hr \/><\/div><div class=\"qwen-markdown-space\">\u00a0<\/div><h3 class=\"qwen-markdown-heading\"><span class=\"qwen-markdown-text\">\u2705 Endg\u00fcltiges Urteil: Lohnt sich dieses Restaurant?<\/span><\/h3><p class=\"qwen-markdown-paragraph\"><span class=\"qwen-markdown-text\">Absolut \u2013 insbesondere wenn Sie Folgendes suchen:<\/span><\/p><div class=\"qwen-markdown-space\">\u00a0<\/div><p class=\"qwen-markdown-paragraph\"><span class=\"qwen-markdown-text\">\u2714\ufe0f A <\/span><strong class=\"qwen-markdown-strong\"><span class=\"qwen-markdown-text\">zuverl\u00e4ssiges, preiswertes und leckeres Fr\u00fchst\u00fcck<\/span><\/strong><span class=\"qwen-markdown-text\"> in der N\u00e4he der Nanjing-Stra\u00dfe<\/span><br \/><span class=\"qwen-markdown-text\">\u2714\ufe0f <\/span><strong class=\"qwen-markdown-strong\"><span class=\"qwen-markdown-text\">Ganzt\u00e4gige Gastronomie<\/span><\/strong><span class=\"qwen-markdown-text\"> f\u00fcr G\u00e4ste, die Flexibilit\u00e4t ben\u00f6tigen<\/span><br \/><span class=\"qwen-markdown-text\">\u2714\ufe0f <\/span><strong class=\"qwen-markdown-strong\"><span class=\"qwen-markdown-text\">Sauberes, modernes Ambiente<\/span><\/strong><span class=\"qwen-markdown-text\"> mit freundlichem Service<\/span><br \/><span class=\"qwen-markdown-text\">\u2714\ufe0f <\/span><strong class=\"qwen-markdown-strong\"><span class=\"qwen-markdown-text\">Unschlagbare Lage<\/span><\/strong><span class=\"qwen-markdown-text\"> U-Bahn, Einkaufsm\u00f6glichkeiten und Sehensw\u00fcrdigkeiten sind fu\u00dfl\u00e4ufig erreichbar.<\/span><\/p><div class=\"qwen-markdown-space\">\u00a0<\/div><p class=\"qwen-markdown-paragraph\"><span class=\"qwen-markdown-text\">Das ist keine gehobene Gastronomie. Das ist <\/span><strong class=\"qwen-markdown-strong\"><span class=\"qwen-markdown-text\">intelligentes Essen<\/span><\/strong><span class=\"qwen-markdown-text\"> \u2014 konzipiert f\u00fcr den Reisenden, der Wert auf Effizienz, Authentizit\u00e4t und Komfort legt.<\/span><\/p><div class=\"qwen-markdown-space\">\u00a0<\/div><p class=\"qwen-markdown-paragraph\"><span class=\"qwen-markdown-text\">Komm also hungrig. Geh gl\u00fccklich. Und lass <\/span><strong class=\"qwen-markdown-strong\"><span class=\"qwen-markdown-text\">\u4e3d\u5448\u7480\u9645\u9910\u5385<\/span><\/strong><span class=\"qwen-markdown-text\"> Seien Sie der erste Stopp auf Ihrer Shanghai-Reise \u2013 denn gro\u00dfartige Tage beginnen mit gro\u00dfartigen Mahlzeiten.<\/span><\/p>\t\t\t\t\t\t\t\t<\/div>\n\t\t\t\t\t<\/div>\n\t\t\t\t<\/div>\n\t\t\t\t<\/div>","protected":false},"excerpt":{"rendered":"<p>\u4e3d\u5448\u7480\u9645\u9910\u5385 \u2014 Your Daily Dose of Shanghai Soul: Where Comfort Meets Convenience at Rezen Estelle Hotel (Nanjing Road Walkway Bund Branch) Tucked away on the 7th floor of Yuehui Plaza, just steps from the roaring energy of Nanjing Road and the historic charm of The Bund, lies a hidden gem that\u2019s quickly becoming a favorite [&hellip;]<\/p>\n","protected":false},"author":1,"featured_media":0,"parent":0,"menu_order":0,"comment_status":"closed","ping_status":"closed","template":"","meta":{"footnotes":""},"class_list":["post-612","page","type-page","status-publish","hentry","post-no-thumbnail"],"_links":{"self":[{"href":"https:\/\/rezenestellehotel.com\/de\/wp-json\/wp\/v2\/pages\/612","targetHints":{"allow":["GET"]}}],"collection":[{"href":"https:\/\/rezenestellehotel.com\/de\/wp-json\/wp\/v2\/pages"}],"about":[{"href":"https:\/\/rezenestellehotel.com\/de\/wp-json\/wp\/v2\/types\/page"}],"author":[{"embeddable":true,"href":"https:\/\/rezenestellehotel.com\/de\/wp-json\/wp\/v2\/users\/1"}],"replies":[{"embeddable":true,"href":"https:\/\/rezenestellehotel.com\/de\/wp-json\/wp\/v2\/comments?post=612"}],"version-history":[{"count":0,"href":"https:\/\/rezenestellehotel.com\/de\/wp-json\/wp\/v2\/pages\/612\/revisions"}],"wp:attachment":[{"href":"https:\/\/rezenestellehotel.com\/de\/wp-json\/wp\/v2\/media?parent=612"}],"curies":[{"name":"wp","href":"https:\/\/api.w.org\/{rel}","templated":true}]}}