{"id":5266,"date":"2021-07-18T08:03:35","date_gmt":"2021-07-18T08:03:35","guid":{"rendered":"https:\/\/nuss.uxper.co\/luxury-resort\/?page_id=5266"},"modified":"2026-01-07T05:20:55","modified_gmt":"2026-01-07T05:20:55","slug":"uber-uns","status":"publish","type":"page","link":"https:\/\/rezenestellehotel.com\/de\/uber-uns\/","title":{"rendered":"\u00dcber uns"},"content":{"rendered":"<div data-elementor-type=\"wp-page\" data-elementor-id=\"5266\" class=\"elementor elementor-5266\">\n\t\t\t\t\t\t<section class=\"elementor-section elementor-top-section elementor-element elementor-element-10416953 elementor-section-boxed elementor-section-gap-beside-yes elementor-section-height-default elementor-section-height-default elementor-section-column-vertical-align-stretch\" data-id=\"10416953\" data-element_type=\"section\" data-e-type=\"section\">\n\t\t\t\t\t\t<div class=\"elementor-container elementor-column-gap-extended\">\n\t\t\t\t\t<div class=\"elementor-column elementor-col-100 elementor-top-column elementor-element elementor-element-29c6aa8\" data-id=\"29c6aa8\" data-element_type=\"column\" data-e-type=\"column\">\n\t\t\t<div class=\"elementor-widget-wrap elementor-element-populated\">\n\t\t\t\t\t\t<div class=\"elementor-element elementor-element-7be18fe7 elementor-widget__width-initial elementor-invisible elementor-widget elementor-widget-text-editor\" data-id=\"7be18fe7\" data-element_type=\"widget\" data-e-type=\"widget\" data-settings=\"{&quot;_animation&quot;:&quot;nussFadeInUp&quot;}\" data-widget_type=\"text-editor.default\">\n\t\t\t\t\t\t\t\t\t<div class=\"svelte-1c06zsf\" data-lang-code=\"\"><p class=\"qwen-markdown-paragraph\" data-spm-anchor-id=\"a2ty_o01.29997173.0.i33.55ae5171dNQdaM\"><strong class=\"qwen-markdown-strong\"><span class=\"qwen-markdown-text\">Shanghai Rezen Estelle Hotel (Nanjing Road Walkway Bund Branch) \u2013 Ihre smarte, stilvolle Unterkunft im Herzen von Shanghais ber\u00fchmtestem Viertel<\/span><\/strong><\/p><\/div>\t\t\t\t\t\t\t\t<\/div>\n\t\t\t\t\t<\/div>\n\t\t<\/div>\n\t\t\t\t\t<\/div>\n\t\t<\/section>\n\t\t\t\t<section class=\"elementor-section elementor-top-section elementor-element elementor-element-7d18327f elementor-section-boxed elementor-section-gap-beside-yes elementor-section-height-default elementor-section-height-default elementor-section-column-vertical-align-stretch\" data-id=\"7d18327f\" data-element_type=\"section\" data-e-type=\"section\">\n\t\t\t\t\t\t<div class=\"elementor-container elementor-column-gap-extended\">\n\t\t\t\t\t<div class=\"elementor-column elementor-col-50 elementor-top-column elementor-element elementor-element-56533670\" data-id=\"56533670\" data-element_type=\"column\" data-e-type=\"column\">\n\t\t\t<div class=\"elementor-widget-wrap elementor-element-populated\">\n\t\t\t\t\t\t<div class=\"elementor-element elementor-element-19c3f543 elementor-drop-cap-yes elementor-drop-cap-view-default elementor-invisible elementor-widget elementor-widget-text-editor\" data-id=\"19c3f543\" data-element_type=\"widget\" data-e-type=\"widget\" data-settings=\"{&quot;_animation&quot;:&quot;nussFadeInUp&quot;,&quot;drop_cap&quot;:&quot;yes&quot;}\" data-widget_type=\"text-editor.default\">\n\t\t\t\t\t\t\t\t\t<p class=\"qwen-markdown-paragraph\" data-spm-anchor-id=\"a2ty_o01.29997173.0.i34.55ae5171dNQdaM\"><span class=\"qwen-markdown-text\" data-spm-anchor-id=\"a2ty_o01.29997173.0.i35.55ae5171dNQdaM\">Entdecken Sie die perfekte Verbindung von Komfort, Bequemlichkeit und modernem Design bei <\/span><strong class=\"qwen-markdown-strong\"><span class=\"qwen-markdown-text\">Shanghai Rezen Estelle Hotel (Nanjing Road Walkway Bund Branch)<\/span><\/strong><span class=\"qwen-markdown-text\"> \u2014 ein modernes 3-Sterne-Boutique-Hotel im 7. Stock des Yuehui Plaza, nur wenige Schritte von der pulsierenden Fu\u00dfg\u00e4ngerzone Nanjing Road und dem historischen Charme des Bund entfernt. <\/span><strong class=\"qwen-markdown-strong\"><span class=\"qwen-markdown-text\">Nr. 337 Shandong Middle Road, Huangpu-Bezirk<\/span><\/strong><span class=\"qwen-markdown-text\">, Dieses neu er\u00f6ffnete Hotel aus dem Jahr 2025 ist wie geschaffen f\u00fcr anspruchsvolle Reisende, die unkomplizierten Zugang zu Shanghais Top-Attraktionen, Einkaufsm\u00f6glichkeiten, Restaurants und \u00f6ffentlichen Verkehrsmitteln suchen \u2013 ohne dabei auf Stil oder Service verzichten zu m\u00fcssen.<\/span><\/p>\t\t\t\t\t\t\t\t<\/div>\n\t\t\t\t\t<\/div>\n\t\t<\/div>\n\t\t\t\t<div class=\"elementor-column elementor-col-50 elementor-top-column elementor-element elementor-element-30f14127\" data-id=\"30f14127\" data-element_type=\"column\" data-e-type=\"column\">\n\t\t\t<div class=\"elementor-widget-wrap elementor-element-populated\">\n\t\t\t\t\t\t<div class=\"elementor-element elementor-element-59aea08 elementor-widget elementor-widget-image\" data-id=\"59aea08\" data-element_type=\"widget\" data-e-type=\"widget\" data-widget_type=\"image.default\">\n\t\t\t\t\t\t\t\t\t\t\t\t\t\t\t<img fetchpriority=\"high\" decoding=\"async\" width=\"1024\" height=\"682\" src=\"https:\/\/rezenestellehotel.com\/wp-content\/uploads\/2026\/01\/Rezen-Estelle-Hotel-80-1024x682.webp\" class=\"attachment-large size-large wp-image-7513\" alt=\"\" srcset=\"https:\/\/rezenestellehotel.com\/wp-content\/uploads\/2026\/01\/Rezen-Estelle-Hotel-80-1024x682.webp 1024w, https:\/\/rezenestellehotel.com\/wp-content\/uploads\/2026\/01\/Rezen-Estelle-Hotel-80-300x200.webp 300w, https:\/\/rezenestellehotel.com\/wp-content\/uploads\/2026\/01\/Rezen-Estelle-Hotel-80-768x512.webp 768w, https:\/\/rezenestellehotel.com\/wp-content\/uploads\/2026\/01\/Rezen-Estelle-Hotel-80-18x12.webp 18w, https:\/\/rezenestellehotel.com\/wp-content\/uploads\/2026\/01\/Rezen-Estelle-Hotel-80.webp 1280w\" sizes=\"(max-width: 1024px) 100vw, 1024px\" \/>\t\t\t\t\t\t\t\t\t\t\t\t\t\t\t<\/div>\n\t\t\t\t\t<\/div>\n\t\t<\/div>\n\t\t\t\t\t<\/div>\n\t\t<\/section>\n\t\t\t\t<section class=\"elementor-section elementor-top-section elementor-element elementor-element-29fb8578 elementor-section-height-min-height elementor-section-stretched elementor-section-full_width elementor-section-items-stretch elementor-section-height-default elementor-section-column-vertical-align-stretch\" data-id=\"29fb8578\" data-element_type=\"section\" data-e-type=\"section\" data-settings=\"{&quot;stretch_section&quot;:&quot;section-stretched&quot;}\">\n\t\t\t\t\t\t<div class=\"elementor-container elementor-column-gap-no\">\n\t\t\t\t\t<div class=\"elementor-column elementor-col-50 elementor-top-column elementor-element elementor-element-40ac270b\" data-id=\"40ac270b\" data-element_type=\"column\" data-e-type=\"column\">\n\t\t\t<div class=\"elementor-widget-wrap elementor-element-populated\">\n\t\t\t\t\t\t<div class=\"elementor-element elementor-element-20872773 elementor-widget__width-initial elementor-widget-mobile__width-inherit elementor-invisible nuss-elementor-loading nuss-slide-in-right elementor-widget elementor-widget-image\" data-id=\"20872773\" data-element_type=\"widget\" data-e-type=\"widget\" data-settings=\"{&quot;_animation&quot;:&quot;nussSlideInRight&quot;}\" data-widget_type=\"image.default\">\n\t\t\t\t\t\t\t\t\t\t\t\t\t\t\t<img decoding=\"async\" width=\"1280\" height=\"853\" src=\"https:\/\/rezenestellehotel.com\/wp-content\/uploads\/2026\/01\/Rezen-Estelle-Hotel-79.webp\" class=\"attachment-full size-full wp-image-7512\" alt=\"\" srcset=\"https:\/\/rezenestellehotel.com\/wp-content\/uploads\/2026\/01\/Rezen-Estelle-Hotel-79.webp 1280w, https:\/\/rezenestellehotel.com\/wp-content\/uploads\/2026\/01\/Rezen-Estelle-Hotel-79-300x200.webp 300w, https:\/\/rezenestellehotel.com\/wp-content\/uploads\/2026\/01\/Rezen-Estelle-Hotel-79-1024x682.webp 1024w, https:\/\/rezenestellehotel.com\/wp-content\/uploads\/2026\/01\/Rezen-Estelle-Hotel-79-768x512.webp 768w, https:\/\/rezenestellehotel.com\/wp-content\/uploads\/2026\/01\/Rezen-Estelle-Hotel-79-18x12.webp 18w\" sizes=\"(max-width: 1280px) 100vw, 1280px\" \/>\t\t\t\t\t\t\t\t\t\t\t\t\t\t\t<\/div>\n\t\t\t\t\t<\/div>\n\t\t<\/div>\n\t\t\t\t<div class=\"elementor-column elementor-col-50 elementor-top-column elementor-element elementor-element-2dac103\" data-id=\"2dac103\" data-element_type=\"column\" data-e-type=\"column\">\n\t\t\t<div class=\"elementor-widget-wrap elementor-element-populated\">\n\t\t\t\t\t\t<div class=\"elementor-element elementor-element-6f1b8966 elementor-invisible elementor-widget elementor-widget-text-editor\" data-id=\"6f1b8966\" data-element_type=\"widget\" data-e-type=\"widget\" data-settings=\"{&quot;_animation&quot;:&quot;nussFadeInUp&quot;}\" data-widget_type=\"text-editor.default\">\n\t\t\t\t\t\t\t\t\t<p class=\"qwen-markdown-paragraph\" data-spm-anchor-id=\"a2ty_o01.29997173.0.i37.55ae5171dNQdaM\"><span class=\"qwen-markdown-text\" data-spm-anchor-id=\"a2ty_o01.29997173.0.i36.55ae5171dNQdaM\">Ob Sie gesch\u00e4ftlich oder privat reisen oder beides kombinieren m\u00f6chten \u2013 das Rezen Estelle bietet Ihnen modernes Wohnen mit durchdachten Annehmlichkeiten: kostenloses Highspeed-WLAN, t\u00e4gliche Zimmerreinigung, Minik\u00fchlschr\u00e4nke, intelligente Bel\u00fcftungssysteme und in ausgew\u00e4hlten Zimmern sogar Butlerservice. W\u00e4hlen Sie aus gem\u00fctlichen, stilvoll eingerichteten Zimmern wie dem <\/span><strong class=\"qwen-markdown-strong\"><span class=\"qwen-markdown-text\">Ruhiges Zweibettzimmer<\/span><\/strong><span class=\"qwen-markdown-text\">, die technikaffinen <\/span><strong class=\"qwen-markdown-strong\"><span class=\"qwen-markdown-text\">Tatami-Doppelzimmer mit Audio- und Videoausstattung<\/span><\/strong><span class=\"qwen-markdown-text\"> (perfekt f\u00fcr Filmliebhaber) oder mit Blick auf die Skyline <\/span><strong class=\"qwen-markdown-strong\"><span class=\"qwen-markdown-text\">Queen-Zimmer mit Aussicht<\/span><\/strong><span class=\"qwen-markdown-text\"> \u2014 allesamt darauf ausgelegt, inmitten des pulsierenden Stadtlebens Ruhe zu bieten.<\/span><\/p><div class=\"qwen-markdown-space\">\u00a0<\/div><p class=\"qwen-markdown-paragraph\" data-spm-anchor-id=\"a2ty_o01.29997173.0.i38.55ae5171dNQdaM\"><span class=\"qwen-markdown-text\">Das Essen im hoteleigenen Restaurant ist ein Genuss. <\/span><strong class=\"qwen-markdown-strong\"><span class=\"qwen-markdown-text\">\u4e3d\u5448\u7480\u9645\u9910\u5385 (Rezen Estelle Restaurant)<\/span><\/strong><span class=\"qwen-markdown-text\">, Das Restaurant serviert t\u00e4glich von 7:00 bis 9:30 Uhr ein authentisches chinesisches Fr\u00fchst\u00fccksbuffet (58 CNY pro Erwachsener, Kinder unter 1,20 m essen kostenlos). Obwohl es klein ist, bietet es herzhafte und frische Gerichte \u2013 ideal vor einem Stadtbummel oder nach einem langen Tag auf dem Volksplatz, im Yu-Garten oder im Shanghai-Museum.<\/span><\/p>\t\t\t\t\t\t\t\t<\/div>\n\t\t\t\t\t<\/div>\n\t\t<\/div>\n\t\t\t\t\t<\/div>\n\t\t<\/section>\n\t\t\t\t<section class=\"elementor-section elementor-top-section elementor-element elementor-element-45a2845 elementor-section-height-min-height elementor-section-stretched elementor-section-full_width elementor-section-items-stretch elementor-section-height-default elementor-section-column-vertical-align-stretch\" data-id=\"45a2845\" data-element_type=\"section\" data-e-type=\"section\" data-settings=\"{&quot;stretch_section&quot;:&quot;section-stretched&quot;}\">\n\t\t\t\t\t\t<div class=\"elementor-container elementor-column-gap-no\">\n\t\t\t\t\t<div class=\"elementor-column elementor-col-50 elementor-top-column elementor-element elementor-element-1a455e4\" data-id=\"1a455e4\" data-element_type=\"column\" data-e-type=\"column\">\n\t\t\t<div class=\"elementor-widget-wrap elementor-element-populated\">\n\t\t\t\t\t\t<div class=\"elementor-element elementor-element-cd64517 elementor-invisible elementor-widget elementor-widget-text-editor\" data-id=\"cd64517\" data-element_type=\"widget\" data-e-type=\"widget\" data-settings=\"{&quot;_animation&quot;:&quot;nussFadeInUp&quot;}\" data-widget_type=\"text-editor.default\">\n\t\t\t\t\t\t\t\t\t<p class=\"qwen-markdown-paragraph\"><span class=\"qwen-markdown-text\" data-spm-anchor-id=\"a2ty_o01.29997173.0.i40.55ae5171dNQdaM\">Die Lage ist alles \u2013 und Rezen Estelle trifft den Nagel auf den Kopf. <\/span><strong class=\"qwen-markdown-strong\"><span class=\"qwen-markdown-text\">30 Meter vom Ausgang 3 der U-Bahn-Station East Nanjing Road entfernt<\/span><\/strong><span class=\"qwen-markdown-text\"> Mit den Linien 2 und 10 erreichen Sie den Flughafen Shanghai Hongqiao (15,2 km), den Flughafen Shanghai Pudong (40 km), den Hauptbahnhof Shanghai (5,3 km) sowie wichtige Touristenzentren wie den Bund, Lujiazui und Xintiandi. Kein Flughafen-Shuttle? Kein Problem \u2013 dank der U-Bahn kommen Sie problemlos \u00fcberall hin.<\/span><\/p><div class=\"qwen-markdown-space\">\u00a0<\/div><p class=\"qwen-markdown-paragraph\"><span class=\"qwen-markdown-text\">G\u00e4ste loben immer wieder die Sauberkeit des Hotels, das freundliche Personal und die zentrale Lage. Allerdings sollten sie beachten, dass die Aufz\u00fcge auch von Besuchern des Einkaufszentrums benutzt werden, daher empfiehlt es sich, m\u00f6glichst wenig Gep\u00e4ck mitzunehmen. Zwar gibt es weder Pool noch Heizung (was insbesondere im Winter zu ber\u00fccksichtigen ist), doch das Preis-Leistungs-Verh\u00e4ltnis ist nach wie vor hervorragend: saubere, ruhige und \u00e4u\u00dferst komfortable Zimmer ab 139 USD pro Nacht.<\/span><\/p><div class=\"qwen-markdown-space\">\u00a0<\/div><p class=\"qwen-markdown-paragraph\" data-spm-anchor-id=\"a2ty_o01.29997173.0.i41.55ae5171dNQdaM\"><span class=\"qwen-markdown-text\">Das Shanghai Rezen Estelle Hotel ist ideal f\u00fcr Alleinreisende, Paare, Familien und Gesch\u00e4ftsreisende gleicherma\u00dfen. Es ist mehr als nur eine Unterkunft \u2013 es ist Ihr Ausgangspunkt, um Shanghais faszinierende Mischung aus Tradition und Innovation zu erleben. Buchen Sie jetzt und lassen Sie sich vom Rhythmus der Stadt mitrei\u00dfen.<\/span><\/p>\t\t\t\t\t\t\t\t<\/div>\n\t\t\t\t\t<\/div>\n\t\t<\/div>\n\t\t\t\t<div class=\"elementor-column elementor-col-50 elementor-top-column elementor-element elementor-element-25cd2a7\" data-id=\"25cd2a7\" data-element_type=\"column\" data-e-type=\"column\">\n\t\t\t<div class=\"elementor-widget-wrap elementor-element-populated\">\n\t\t\t\t\t\t<div class=\"elementor-element elementor-element-02f83d7 elementor-widget__width-initial elementor-widget-mobile__width-inherit elementor-invisible nuss-elementor-loading nuss-slide-in-right elementor-widget elementor-widget-image\" data-id=\"02f83d7\" data-element_type=\"widget\" data-e-type=\"widget\" data-settings=\"{&quot;_animation&quot;:&quot;nussSlideInRight&quot;}\" data-widget_type=\"image.default\">\n\t\t\t\t\t\t\t\t\t\t\t\t\t\t\t<img decoding=\"async\" width=\"1280\" height=\"853\" src=\"https:\/\/rezenestellehotel.com\/wp-content\/uploads\/2026\/01\/Rezen-Estelle-Hotel-73.webp\" class=\"attachment-full size-full wp-image-7506\" alt=\"\" srcset=\"https:\/\/rezenestellehotel.com\/wp-content\/uploads\/2026\/01\/Rezen-Estelle-Hotel-73.webp 1280w, https:\/\/rezenestellehotel.com\/wp-content\/uploads\/2026\/01\/Rezen-Estelle-Hotel-73-300x200.webp 300w, https:\/\/rezenestellehotel.com\/wp-content\/uploads\/2026\/01\/Rezen-Estelle-Hotel-73-1024x682.webp 1024w, https:\/\/rezenestellehotel.com\/wp-content\/uploads\/2026\/01\/Rezen-Estelle-Hotel-73-768x512.webp 768w, https:\/\/rezenestellehotel.com\/wp-content\/uploads\/2026\/01\/Rezen-Estelle-Hotel-73-18x12.webp 18w\" sizes=\"(max-width: 1280px) 100vw, 1280px\" \/>\t\t\t\t\t\t\t\t\t\t\t\t\t\t\t<\/div>\n\t\t\t\t\t<\/div>\n\t\t<\/div>\n\t\t\t\t\t<\/div>\n\t\t<\/section>\n\t\t\t\t<\/div>","protected":false},"excerpt":{"rendered":"<p>Shanghai Rezen Estelle Hotel (Nanjing Road Walkway Bund Branch) \u2013 Your Smart, Stylish Base in the Heart of Shanghai\u2019s Most Iconic District Discover the perfect fusion of convenience, comfort, and contemporary design at Shanghai Rezen Estelle Hotel (Nanjing Road Walkway Bund Branch) \u2014 a modern 3-star boutique gem perched on the 7th floor of Yuehui [&hellip;]<\/p>\n","protected":false},"author":1,"featured_media":0,"parent":0,"menu_order":0,"comment_status":"closed","ping_status":"closed","template":"","meta":{"footnotes":""},"class_list":["post-5266","page","type-page","status-publish","hentry","post-no-thumbnail"],"_links":{"self":[{"href":"https:\/\/rezenestellehotel.com\/de\/wp-json\/wp\/v2\/pages\/5266","targetHints":{"allow":["GET"]}}],"collection":[{"href":"https:\/\/rezenestellehotel.com\/de\/wp-json\/wp\/v2\/pages"}],"about":[{"href":"https:\/\/rezenestellehotel.com\/de\/wp-json\/wp\/v2\/types\/page"}],"author":[{"embeddable":true,"href":"https:\/\/rezenestellehotel.com\/de\/wp-json\/wp\/v2\/users\/1"}],"replies":[{"embeddable":true,"href":"https:\/\/rezenestellehotel.com\/de\/wp-json\/wp\/v2\/comments?post=5266"}],"version-history":[{"count":0,"href":"https:\/\/rezenestellehotel.com\/de\/wp-json\/wp\/v2\/pages\/5266\/revisions"}],"wp:attachment":[{"href":"https:\/\/rezenestellehotel.com\/de\/wp-json\/wp\/v2\/media?parent=5266"}],"curies":[{"name":"wp","href":"https:\/\/api.w.org\/{rel}","templated":true}]}}